{"id":62,"date":"2020-02-04T12:12:28","date_gmt":"2020-02-04T12:12:28","guid":{"rendered":"http:\/\/dessaproject.eu\/?page_id=62"},"modified":"2021-03-18T06:58:12","modified_gmt":"2021-03-18T06:58:12","slug":"partners","status":"publish","type":"page","link":"https:\/\/dessaproject.eu\/pl\/partners\/","title":{"rendered":"Partnerzy"},"content":{"rendered":"\n<figure class=\"wp-block-image size-large\"><img loading=\"lazy\" width=\"227\" height=\"83\" src=\"http:\/\/dessaproject.eu\/wp-content\/uploads\/2020\/02\/logo-MPF-1.png\" alt=\"\" class=\"wp-image-144\"\/><\/figure>\n\n\n\n<h2>Friesland College &#8211; Holandia<\/h2>\n\n\n\n<p>Friesland College to instytucja edukacyjna szanuj\u0105ca wszystkie religie i kultury w spo\u0142ecze\u0144stwie. Nasi pracownicy s\u0105 zaanga\u017cowani i s\u0142uchaj\u0105 swoich uczni\u00f3w; maj\u0105 pasj\u0119 do nauczania i s\u0105 innowacyjni. Studenci mog\u0105 wybiera\u0107 spo\u015br\u00f3d szerokiej gamy kurs\u00f3w, ofert pracy, udogodnie\u0144 i zaj\u0119\u0107. <\/p>\n\n\n\n<p>S\u0105 one \u015bwiadczone w ca\u0142ej prowincji Fryzji przez niewielki personel dydaktyczny i pomocniczy licz\u0105cy 1000 os\u00f3b. Uczelnia dzia\u0142a w kilku lokalizacjach, przy czym dwie najwi\u0119ksze znajduj\u0105 si\u0119 w Leeuwarden i Heerenveen, kt\u00f3re znajduj\u0105 si\u0119 na p\u00f3\u0142nocy Holandii.<\/p>\n\n\n\n<p>Strona internetowa:  <a rel=\"noreferrer noopener\" href=\"http:\/\/www.frieslandcollege.nl\/\" target=\"_blank\">www.frieslandcollege.nl<\/a><\/p>\n\n\n\n<div style=\"height:100px\" aria-hidden=\"true\" class=\"wp-block-spacer\"><\/div>\n\n\n\n<figure class=\"wp-block-image size-large is-resized\"><img loading=\"lazy\" src=\"http:\/\/dessaproject.eu\/wp-content\/uploads\/2020\/02\/logo_txorierri-1-1024x384.jpg\" alt=\"\" class=\"wp-image-147\" width=\"371\" height=\"138\" srcset=\"https:\/\/dessaproject.eu\/wp-content\/uploads\/2020\/02\/logo_txorierri-1-1024x384.jpg 1024w, https:\/\/dessaproject.eu\/wp-content\/uploads\/2020\/02\/logo_txorierri-1-300x113.jpg 300w, https:\/\/dessaproject.eu\/wp-content\/uploads\/2020\/02\/logo_txorierri-1-768x288.jpg 768w, https:\/\/dessaproject.eu\/wp-content\/uploads\/2020\/02\/logo_txorierri-1-1536x576.jpg 1536w, https:\/\/dessaproject.eu\/wp-content\/uploads\/2020\/02\/logo_txorierri-1-2048x768.jpg 2048w, https:\/\/dessaproject.eu\/wp-content\/uploads\/2020\/02\/logo_txorierri-1-850x319.jpg 850w\" sizes=\"(max-width: 371px) 100vw, 371px\" \/><\/figure>\n\n\n\n<h2>Politeknika Ikastegia Txorierri &#8211; Hiszpania<\/h2>\n\n\n\n<p>Politeknika Ikastegia Txorierri to szko\u0142a, specjalizuj\u0105ca si\u0119 w kszta\u0142ceniu zawodowym w zakresie nauki i technologii  (zar\u00f3wno na poziomie 3, jak i 5 wed\u0142ug ERK) z siedzib\u0105 w Kraju Bask\u00f3w. Ka\u017cdego roku szko\u0142a zapewnia kszta\u0142cenie ponad 400 studentom w trybie stacjonarnym i ponad 1000 doros\u0142ym uczniom w trybie zaocznym, zatrudniaj\u0105c 45 os\u00f3b. <\/p>\n\n\n\n<p>Politeknika Ikastegia Txorierri koncentruje si\u0119 na obs\u0142udze lokalnego przemys\u0142u i jest zaanga\u017cowana w integraln\u0105 i ustawiczn\u0105 edukacj\u0119 swoich student\u00f3w. Szko\u0142a promuje innowacje w projektach technologicznych i pedagogicznych i ma na celu oferowanie wysokiej jako\u015bci us\u0142ug dla spo\u0142ecze\u0144stwa, realizuj\u0105c lokalne potrzeby szkoleniowe m\u0142odych ludzi, lokalnych uniwersytet\u00f3w i instytucji.<\/p>\n\n\n\n<p>Strona internetowa:  <a href=\"http:\/\/www.txorierri.net\/\">www.txorierri.net<\/a> <\/p>\n\n\n\n<div style=\"height:100px\" aria-hidden=\"true\" class=\"wp-block-spacer\"><\/div>\n\n\n\n<figure class=\"wp-block-image size-large\"><img loading=\"lazy\" width=\"346\" height=\"160\" src=\"http:\/\/dessaproject.eu\/wp-content\/uploads\/2020\/02\/UHE_logo_krzywe_04-1.jpg\" alt=\"\" class=\"wp-image-149\" srcset=\"https:\/\/dessaproject.eu\/wp-content\/uploads\/2020\/02\/UHE_logo_krzywe_04-1.jpg 346w, https:\/\/dessaproject.eu\/wp-content\/uploads\/2020\/02\/UHE_logo_krzywe_04-1-300x139.jpg 300w\" sizes=\"(max-width: 346px) 100vw, 346px\" \/><\/figure>\n\n\n\n<h2>Akademia Humanistyczno-Ekonomiczna w Lodzi &#8211; Polska<\/h2>\n\n\n\n<p>Akademia Humanistyczno-Ekonomiczna w \u0141odzi (AHE) jest akredytowan\u0105 instytucj\u0105 szkolnictwa wy\u017cszego, kt\u00f3ra opr\u00f3cz tradycyjnych program\u00f3w uniwersyteckich (licencjat, magister, doktorat) oferuje r\u00f3wnie\u017c studia podyplomowe i kursy dla r\u00f3\u017cnych grup docelowych, w tym doros\u0142ych bezrobotnych poszukuj\u0105cych pracy, m\u0142odzie\u017c, student\u00f3w, niepe\u0142nosprawnych, senior\u00f3w, nauczycieli, trener\u00f3w, ludzi reprezentuj\u0105cych r\u00f3\u017cne zawody, migrant\u00f3w, dzieci, m\u0142odzie\u017cy w niekorzystnej sytuacji. <\/p>\n\n\n\n<p>Jako jedna z najwi\u0119kszych prywatnych uczelni w Polsce, AHE ma 23 wydzia\u0142y i oferuje szeroki wyb\u00f3r przedmiot\u00f3w, ponad 100 kurs\u00f3w, w tym 5 z nich w j\u0119zyku angielskim. Program kurs\u00f3w jest stale aktualizowany zgodnie z wymaganiami rynku.<\/p>\n\n\n\n<p>Wed\u0142ug rankingu opublikowanego w 2017 r. Przez Ministerstwo Szkolnictwa Wy\u017cszego AHE jest drugim najcz\u0119\u015bciej wybieranym uniwersytetem w wojew\u00f3dztwie \u0142\u00f3dzkim i dziesi\u0105tym w kraju<\/p>\n\n\n\n<p>Strona internetowa:  <a rel=\"noreferrer noopener\" href=\"http:\/\/www.ahe.lodz.pl\/\" target=\"_blank\">www.ahe.lodz.pl<\/a> <\/p>\n\n\n\n<div style=\"height:100px\" aria-hidden=\"true\" class=\"wp-block-spacer\"><\/div>\n\n\n\n<figure class=\"wp-block-image size-large is-resized\"><img loading=\"lazy\" src=\"http:\/\/dessaproject.eu\/wp-content\/uploads\/2020\/02\/IDEC-600-1-1024x306.jpg\" alt=\"\" class=\"wp-image-150\" width=\"346\" height=\"103\" srcset=\"https:\/\/dessaproject.eu\/wp-content\/uploads\/2020\/02\/IDEC-600-1-1024x306.jpg 1024w, https:\/\/dessaproject.eu\/wp-content\/uploads\/2020\/02\/IDEC-600-1-300x90.jpg 300w, https:\/\/dessaproject.eu\/wp-content\/uploads\/2020\/02\/IDEC-600-1-768x229.jpg 768w, https:\/\/dessaproject.eu\/wp-content\/uploads\/2020\/02\/IDEC-600-1-1536x459.jpg 1536w, https:\/\/dessaproject.eu\/wp-content\/uploads\/2020\/02\/IDEC-600-1-850x254.jpg 850w, https:\/\/dessaproject.eu\/wp-content\/uploads\/2020\/02\/IDEC-600-1.jpg 1951w\" sizes=\"(max-width: 346px) 100vw, 346px\" \/><\/figure>\n\n\n\n<h2>IDEC &#8211; Grecja<\/h2>\n\n\n\n<p>IDEC to firma konsultingowa ds. szkole\u0144 z siedzib\u0105 w Pireusie w Grecji. Jej dzia\u0142ania obejmuj\u0105 szkolenia, doradztwo w zakresie zarz\u0105dzania, zapewnianie jako\u015bci, ocen\u0119 i rozw\u00f3j rozwi\u0105za\u0144 TIK zar\u00f3wno dla sektora prywatnego, jak i publicznego. IDEC dzia\u0142a od 20 lat w dziedzinie projekt\u00f3w unijnych. <\/p>\n\n\n\n<p>Ma wieloletnie do\u015bwiadczenie w zakresie europejskich polityk dotycz\u0105cych uczenia si\u0119 przez ca\u0142e \u017cycie, a w szczeg\u00f3lno\u015bci ERK, ECVET, Europass, EQAVET, walidacji uczenia si\u0119 poza formalnego i nieformalnego, program\u00f3w uczenia si\u0119 przez praktyk\u0119 i program\u00f3w przygotowania zawodowego oraz krajowych reform system\u00f3w edukacji i szkole\u0144.<\/p>\n\n\n\n<p>Strona internetowa: <a href=\"http:\/\/www.idec.gr\" target=\"_blank\" rel=\"noreferrer noopener\" aria-label=\"www.idec.gr (opens in a new tab)\">www.idec.gr<\/a><\/p>\n\n\n\n<div style=\"height:100px\" aria-hidden=\"true\" class=\"wp-block-spacer\"><\/div>\n\n\n\n<figure class=\"wp-block-image size-large is-resized\"><img loading=\"lazy\" src=\"http:\/\/dessaproject.eu\/wp-content\/uploads\/2020\/10\/logotipas-spalvotas-1024x352.jpg\" alt=\"\" class=\"wp-image-288\" width=\"432\" height=\"148\" srcset=\"https:\/\/dessaproject.eu\/wp-content\/uploads\/2020\/10\/logotipas-spalvotas-1024x352.jpg 1024w, https:\/\/dessaproject.eu\/wp-content\/uploads\/2020\/10\/logotipas-spalvotas-300x103.jpg 300w, https:\/\/dessaproject.eu\/wp-content\/uploads\/2020\/10\/logotipas-spalvotas-768x264.jpg 768w, https:\/\/dessaproject.eu\/wp-content\/uploads\/2020\/10\/logotipas-spalvotas-1536x528.jpg 1536w, https:\/\/dessaproject.eu\/wp-content\/uploads\/2020\/10\/logotipas-spalvotas-850x292.jpg 850w, https:\/\/dessaproject.eu\/wp-content\/uploads\/2020\/10\/logotipas-spalvotas.jpg 1734w\" sizes=\"(max-width: 432px) 100vw, 432px\" \/><\/figure>\n\n\n\n<h2>KSPMC &#8211; Litwa<\/h2>\n\n\n\n<p>Kaunas, o\u015brodek szkolenia zawodowego, jest instytucj\u0105 publiczn\u0105, w kt\u00f3rej uczy si\u0119 1,700 uczni\u00f3w i pracuje 70 nauczycieli. Jego g\u0142\u00f3wna dzia\u0142alno\u015b\u0107 dotyczy podstawowego i ustawicznego szkolenia zawodowego, budowania specjalizacji, piel\u0119gniarstwa spo\u0142ecznego, student\u00f3w niepe\u0142nosprawnych, kszta\u0142cenia doros\u0142ych. Organizacja d\u0105\u017cy do tego, aby sta\u0107 si\u0119 nowoczesn\u0105 instytucj\u0105, odpowiadaj\u0105c\u0105 na wyzwania globalizacji, integracji europejskiej i promuj\u0105c\u0105 atrakcyjno\u015b\u0107 szkolenia zawodowego w\u015br\u00f3d wszystkich grup docelowych. <\/p>\n\n\n\n<p>Nauczyciele rozwijaj\u0105 w\u0142asne kwalifikacje, tworz\u0105c nowe programy nauczania i materia\u0142y. Chc\u0105 podnie\u015b\u0107 poziom merytoryczny i poziom kszta\u0142cenia zawodowego w spo\u0142ecze\u0144stwie i w\u015br\u00f3d m\u0142odych ludzi oraz zwi\u0119kszy\u0107 szanse m\u0142odych przedsi\u0119biorstw poprzez oferowanie wiedzy i wzor\u00f3w do na\u015bladowania. <\/p>\n\n\n\n<p>Instytucja ma szerokie do\u015bwiadczenie we wsp\u00f3\u0142pracy z r\u00f3\u017cnymi grupami docelowymi, mi\u0119dzy innymi we wspieraniu os\u00f3b porzucaj\u0105cych szko\u0142\u0119 i m\u0142odych bezrobotnych poprzez podnoszenie umiej\u0119tno\u015bci przedsi\u0119biorczych m\u0142odych ludzi oraz szkolenia w zakresie edukacji doros\u0142ych.<\/p>\n\n\n\n<p> Strona internetowa:  <a rel=\"noreferrer noopener\" href=\"https:\/\/www.profcentras.lt\/\" target=\"_blank\">www.profcentras.lt<\/a> <\/p>\n\n\n\n<div style=\"height:100px\" aria-hidden=\"true\" class=\"wp-block-spacer\"><\/div>\n\n\n\n<figure class=\"wp-block-image size-large is-resized\"><img loading=\"lazy\" src=\"http:\/\/dessaproject.eu\/wp-content\/uploads\/2020\/02\/IekDelta-1.png\" alt=\"\" class=\"wp-image-153\" width=\"328\" height=\"218\" srcset=\"https:\/\/dessaproject.eu\/wp-content\/uploads\/2020\/02\/IekDelta-1.png 900w, https:\/\/dessaproject.eu\/wp-content\/uploads\/2020\/02\/IekDelta-1-300x200.png 300w, https:\/\/dessaproject.eu\/wp-content\/uploads\/2020\/02\/IekDelta-1-768x512.png 768w, https:\/\/dessaproject.eu\/wp-content\/uploads\/2020\/02\/IekDelta-1-850x567.png 850w\" sizes=\"(max-width: 328px) 100vw, 328px\" \/><\/figure>\n\n\n\n<h2>IIEK DELTA &#8211; Grecja <\/h2>\n\n\n\n<p>IEK DELTA za\u0142o\u017cona zosta\u0142a w 1971 roku i szybko sta\u0142a si\u0119 liderem szkolnictwa zawodowego w Grecji, certyfikowanym przez greckie Ministerstwo Edukacji i Uni\u0119 Europejsk\u0105. Z 47-letnim do\u015bwiadczeniem w edukacji prywatnej, oferuj\u0105cym programy kszta\u0142cenia policealnego na poziomie 5, naszym celem jest zapewnienie jako\u015bci dostarczanej wiedzy oraz wysokiego poziomu rehabilitacji zawodowej i zatrudnienia.<\/p>\n\n\n\n<p>IEK DELTA opracowa\u0142a unikalne \u015brodowisko uczenia si\u0119, z 53 specjalno\u015bciami podzielonymi na 5 szk\u00f3\u0142:<\/p>\n\n\n\n<p> \u2022 Szko\u0142a in\u017cynierii i IT<br> \u2022 Szko\u0142a turystyki i sztuki kulinarnej<br> \u2022 Szko\u0142a urody i zdrowia<br> \u2022 Szko\u0142a sztuki i edukacji<br> \u2022 Szko\u0142a biznesu i komunikacji<\/p>\n\n\n\n<p>   Strona internetowa:  <a rel=\"noreferrer noopener\" href=\"http:\/\/www.iekdelta.gr\/\" target=\"_blank\">www.iekdelta.gr<\/a> <\/p>\n","protected":false},"excerpt":{"rendered":"<p>Friesland College &#8211; Holandia Friesland College to instytucja edukacyjna szanuj\u0105ca wszystkie religie i kultury w spo\u0142ecze\u0144stwie. Nasi pracownicy s\u0105 zaanga\u017cowani i s\u0142uchaj\u0105 swoich uczni\u00f3w; maj\u0105 pasj\u0119 do nauczania i s\u0105 innowacyjni. Studenci mog\u0105 wybiera\u0107 spo\u015br\u00f3d szerokiej gamy kurs\u00f3w, ofert pracy, udogodnie\u0144 i zaj\u0119\u0107. S\u0105 one \u015bwiadczone w ca\u0142ej prowincji Fryzji przez niewielki personel dydaktyczny i&#8230;<\/p>\n","protected":false},"author":1,"featured_media":0,"parent":0,"menu_order":0,"comment_status":"closed","ping_status":"closed","template":"","meta":[],"_links":{"self":[{"href":"https:\/\/dessaproject.eu\/pl\/wp-json\/wp\/v2\/pages\/62"}],"collection":[{"href":"https:\/\/dessaproject.eu\/pl\/wp-json\/wp\/v2\/pages"}],"about":[{"href":"https:\/\/dessaproject.eu\/pl\/wp-json\/wp\/v2\/types\/page"}],"author":[{"embeddable":true,"href":"https:\/\/dessaproject.eu\/pl\/wp-json\/wp\/v2\/users\/1"}],"replies":[{"embeddable":true,"href":"https:\/\/dessaproject.eu\/pl\/wp-json\/wp\/v2\/comments?post=62"}],"version-history":[{"count":43,"href":"https:\/\/dessaproject.eu\/pl\/wp-json\/wp\/v2\/pages\/62\/revisions"}],"predecessor-version":[{"id":404,"href":"https:\/\/dessaproject.eu\/pl\/wp-json\/wp\/v2\/pages\/62\/revisions\/404"}],"wp:attachment":[{"href":"https:\/\/dessaproject.eu\/pl\/wp-json\/wp\/v2\/media?parent=62"}],"curies":[{"name":"wp","href":"https:\/\/api.w.org\/{rel}","templated":true}]}}