{"id":49,"date":"2020-02-04T12:00:16","date_gmt":"2020-02-04T12:00:16","guid":{"rendered":"http:\/\/dessaproject.eu\/?page_id=49"},"modified":"2022-09-14T14:21:13","modified_gmt":"2022-09-14T14:21:13","slug":"results","status":"publish","type":"page","link":"https:\/\/dessaproject.eu\/pl\/results\/","title":{"rendered":"Wyniki"},"content":{"rendered":"\n<div style=\"height:32px\" aria-hidden=\"true\" class=\"wp-block-spacer\"><\/div>\n\n\n\n<p>Projekt przyniesie trzy podstawowe rezultaty<\/p>\n\n\n\n<div style=\"height:44px\" aria-hidden=\"true\" class=\"wp-block-spacer\"><\/div>\n\n\n\n<h2>IO1 Program praktyk w zakresie rozwoju umiej\u0119tno\u015bci mi\u0119kkich i kompetencji.<\/h2>\n\n\n\n<p>Schemat wdra\u017cania praktyk ukierunkowany na nabywanie umiej\u0119tno\u015bci mi\u0119kkich i kompetencji oparty na grywalizacji i elementach mentorskich. Program praktyk obejmuje podstawy teoretyczne i zasady przewodnie dotycz\u0105ce projektowania, wdra\u017cania i oceny programu praktyk w celu rozwijania umiej\u0119tno\u015bci mi\u0119kkich i kompetencji.<\/p>\n\n\n\n<p><a href=\"http:\/\/dessaproject.eu\/wp-content\/uploads\/2022\/06\/IO1_Apprenticeships_Scheme_EN.pdf\" target=\"_blank\" rel=\"noreferrer noopener\">DESSA Scheme<\/a><\/p>\n\n\n\n<div style=\"height:58px\" aria-hidden=\"true\" class=\"wp-block-spacer\"><\/div>\n\n\n\n<h3>Przewodnik dla praktykant\u00f3w: Rozwijaj umiej\u0119tno\u015bci mi\u0119kkie podczas praktyk!<\/h3>\n\n\n\n<p>Praktyki zawodowe pozwalaj\u0105 na zdobycie cennego do\u015bwiadczenia w prawdziwym miejscu pracy, czasami nawet na docelowym stanowisku pracy. <\/p>\n\n\n\n<p>W tym przewodniku znajdziesz dziesi\u0119\u0107 zada\u0144, kt\u00f3re umo\u017cliwi\u0105 rozwini\u0119cie umiej\u0119tno\u015bci mi\u0119kkich w\u015br\u00f3d os\u00f3b odbywaj\u0105cych praktyki w Twojej firmie. Zadania zaprojektowane s\u0105 w taki spos\u00f3b aby pomaga\u0107 praktykantom w osi\u0105ganiu ich cel\u00f3w oraz wspieraj\u0105 ich rozw\u00f3j osobisty jak i zawodowy.<\/p>\n\n\n\n<p>Aby pom\u00f3c im w procesie uczenia si\u0119 i wykonywaniu zada\u0144 z tego przewodnika, praktykanci proszeni s\u0105 o znalezienie osoby, kt\u00f3ra pe\u0142ni rol\u0119 wzoru czy modelu do na\u015bladowania w \u015brodowisku pracy, maj\u0105 wskaza\u0107 swojego naturalnego mentora.<\/p>\n\n\n\n<div class=\"wp-block-file\"><object class=\"wp-block-file__embed\" data=\"http:\/\/dessaproject.eu\/wp-content\/uploads\/2022\/06\/IO1_Trainees_Guide_EN.pdf\" type=\"application\/pdf\" style=\"width:100%;height:200px\" aria-label=\"Embed of Trainees_Guide_EN.\"><\/object><a id=\"wp-block-file--media-e0d4aa07-7e61-48fe-b716-f9b3bcab1ec0\" href=\"http:\/\/dessaproject.eu\/wp-content\/uploads\/2022\/06\/IO1_Trainees_Guide_EN.pdf\">Trainees_Guide_EN<\/a><a href=\"http:\/\/dessaproject.eu\/wp-content\/uploads\/2022\/06\/IO1_Trainees_Guide_EN.pdf\" class=\"wp-block-file__button\" download aria-describedby=\"wp-block-file--media-e0d4aa07-7e61-48fe-b716-f9b3bcab1ec0\">\u015aci\u0105gni\u0119cie<\/a><\/div>\n\n\n\n<div style=\"height:100px\" aria-hidden=\"true\" class=\"wp-block-spacer\"><\/div>\n\n\n\n<h2>IO2 Przewodnik trenera<\/h2>\n\n\n\n<p>Przewodnik dla trener\u00f3w w instytucjach kszta\u0142cenia zawodowego oraz firmach, maj\u0105cy na celu wsparcie projektowania, wdra\u017cania, zarz\u0105dzania, oceny i walidacji programu praktyk.<\/p>\n\n\n\n<p>Przewodnik dla trener\u00f3w ma za zadanie:<\/p>\n\n\n\n<ul><li> przygotowanie i przeszkolenie trener\u00f3w z instytucji kszta\u0142cenia zawodowego oraz firm w celu zrozumienia poj\u0119cia nabywania umiej\u0119tno\u015bci mi\u0119kkich w trakcie przygotowania do zawodu<\/li><li> budowanie zdolno\u015bci trener\u00f3w do przekazywania umiej\u0119tno\u015bci mi\u0119kkich uczniom<\/li><li> przedstawienie i promowanie programu przyuczenia do zawodu<\/li><li> identyfikowanie i przedstawienie udanych praktyk zawodowych pochodz\u0105cych z fazy eksperyment\u00f3w w krajach partnerskich<\/li><li> opracowanie przewodnika szkoleniowego dla instytucji i firm, kt\u00f3ry b\u0119dzie oferowa\u0142 zestaw instrukcji, sugestii i przyk\u0142ady udanych rozwi\u0105za\u0144 w krajach partnerskich w celu ulepszenia programu praktyk dla nowych przedsi\u0119biorstw<\/li><li> wykazanie szerokiego zastosowania programu przyuczania do zawodu w ka\u017cdym sektorze i kraju. <\/li><\/ul>\n\n\n\n<div class=\"wp-block-file\"><object class=\"wp-block-file__embed\" data=\"http:\/\/dessaproject.eu\/wp-content\/uploads\/2022\/06\/IO2_Trainers_Guide_PL_compressed.pdf\" type=\"application\/pdf\" style=\"width:100%;height:200px\" aria-label=\"Embed of Przewodnik-dla-trenerow_PL.\"><\/object><a id=\"wp-block-file--media-7ad8e940-00b1-4950-ad84-861258d3512d\" href=\"http:\/\/dessaproject.eu\/wp-content\/uploads\/2022\/06\/IO2_Trainers_Guide_PL_compressed.pdf\">Przewodnik-dla-trenerow_PL<\/a><a href=\"http:\/\/dessaproject.eu\/wp-content\/uploads\/2022\/06\/IO2_Trainers_Guide_PL_compressed.pdf\" class=\"wp-block-file__button\" download aria-describedby=\"wp-block-file--media-7ad8e940-00b1-4950-ad84-861258d3512d\">Download<\/a><\/div>\n\n\n\n<div style=\"height:100px\" aria-hidden=\"true\" class=\"wp-block-spacer\"><\/div>\n\n\n\n<h2>IO3 Platforma internetowa do oceny umiej\u0119tno\u015bci mi\u0119kkich<\/h2>\n\n\n\n<p>Platforma zawiera narz\u0119dzia do samooceny dla ka\u017cdej umiej\u0119tno\u015bci mi\u0119kkiej, a u\u017cytkownik jest w stanie oceni\u0107 sw\u00f3j poziom na podstawie zdefiniowanych wcze\u015bniej poziom\u00f3w. Narz\u0119dzie zawiera r\u00f3wnie\u017c przewodnik dotycz\u0105cy tego jak rozwin\u0105\u0107 umiej\u0119tno\u015bci mi\u0119kkie.<\/p>\n\n\n\n<p><a href=\"http:\/\/dessaproject.eu\/wp-content\/uploads\/2022\/06\/IO3_Orientation_Guide_PL-compressed.pdf\" target=\"_blank\" rel=\"noreferrer noopener\">Orientation guide_PL<\/a><\/p>\n\n\n\n<p><a href=\"https:\/\/selfassessment.dessaproject.eu\/pl\" target=\"_blank\" rel=\"noreferrer noopener\" aria-label=\" (opens in a new tab)\">www.selfassessment.dessaproject.eu<\/a><\/p>\n","protected":false},"excerpt":{"rendered":"<p>Projekt przyniesie trzy podstawowe rezultaty IO1 Program praktyk w zakresie rozwoju umiej\u0119tno\u015bci mi\u0119kkich i kompetencji. Schemat wdra\u017cania praktyk ukierunkowany na nabywanie umiej\u0119tno\u015bci mi\u0119kkich i kompetencji oparty na grywalizacji i elementach mentorskich. Program praktyk obejmuje podstawy teoretyczne i zasady przewodnie dotycz\u0105ce projektowania, wdra\u017cania i oceny programu praktyk w celu rozwijania umiej\u0119tno\u015bci mi\u0119kkich i kompetencji. DESSA Scheme&#8230;<\/p>\n","protected":false},"author":1,"featured_media":0,"parent":0,"menu_order":0,"comment_status":"closed","ping_status":"closed","template":"","meta":[],"_links":{"self":[{"href":"https:\/\/dessaproject.eu\/pl\/wp-json\/wp\/v2\/pages\/49"}],"collection":[{"href":"https:\/\/dessaproject.eu\/pl\/wp-json\/wp\/v2\/pages"}],"about":[{"href":"https:\/\/dessaproject.eu\/pl\/wp-json\/wp\/v2\/types\/page"}],"author":[{"embeddable":true,"href":"https:\/\/dessaproject.eu\/pl\/wp-json\/wp\/v2\/users\/1"}],"replies":[{"embeddable":true,"href":"https:\/\/dessaproject.eu\/pl\/wp-json\/wp\/v2\/comments?post=49"}],"version-history":[{"count":84,"href":"https:\/\/dessaproject.eu\/pl\/wp-json\/wp\/v2\/pages\/49\/revisions"}],"predecessor-version":[{"id":546,"href":"https:\/\/dessaproject.eu\/pl\/wp-json\/wp\/v2\/pages\/49\/revisions\/546"}],"wp:attachment":[{"href":"https:\/\/dessaproject.eu\/pl\/wp-json\/wp\/v2\/media?parent=49"}],"curies":[{"name":"wp","href":"https:\/\/api.w.org\/{rel}","templated":true}]}}