{"id":45,"date":"2020-02-04T11:56:04","date_gmt":"2020-02-04T11:56:04","guid":{"rendered":"http:\/\/dessaproject.eu\/?page_id=45"},"modified":"2020-06-16T10:30:45","modified_gmt":"2020-06-16T10:30:45","slug":"impact","status":"publish","type":"page","link":"https:\/\/dessaproject.eu\/pl\/impact\/","title":{"rendered":"Wp\u0142yw"},"content":{"rendered":"\n<p>Projekt ma oddzia\u0142ywa\u0107 na poziomie lokalnym\/regionalnym\/krajowym i europejskim. Na poziomie lokalnym projekt przyczyni si\u0119 do rozwoju umiej\u0119tno\u015bci mi\u0119kkich student\u00f3w, promowania przygotowania zawodowego i zwi\u0119kszenia perspektywy zatrudnienia student\u00f3w szk\u00f3\u0142 zawodowych. Na poziomie krajowym i europejskim projekt przyczyni si\u0119 do promowania przygotowania zawodowego, uczenia si\u0119 w miejscu pracy i rozwijania umiej\u0119tno\u015bci mi\u0119kkich w miejscu pracy.<\/p>\n","protected":false},"excerpt":{"rendered":"<p>Projekt ma oddzia\u0142ywa\u0107 na poziomie lokalnym\/regionalnym\/krajowym i europejskim. Na poziomie lokalnym projekt przyczyni si\u0119 do rozwoju umiej\u0119tno\u015bci mi\u0119kkich student\u00f3w, promowania przygotowania zawodowego i zwi\u0119kszenia perspektywy zatrudnienia student\u00f3w szk\u00f3\u0142 zawodowych. Na poziomie krajowym i europejskim projekt przyczyni si\u0119 do promowania przygotowania zawodowego, uczenia si\u0119 w miejscu pracy i rozwijania umiej\u0119tno\u015bci mi\u0119kkich w miejscu pracy.<\/p>\n","protected":false},"author":1,"featured_media":0,"parent":0,"menu_order":0,"comment_status":"closed","ping_status":"closed","template":"","meta":[],"_links":{"self":[{"href":"https:\/\/dessaproject.eu\/pl\/wp-json\/wp\/v2\/pages\/45"}],"collection":[{"href":"https:\/\/dessaproject.eu\/pl\/wp-json\/wp\/v2\/pages"}],"about":[{"href":"https:\/\/dessaproject.eu\/pl\/wp-json\/wp\/v2\/types\/page"}],"author":[{"embeddable":true,"href":"https:\/\/dessaproject.eu\/pl\/wp-json\/wp\/v2\/users\/1"}],"replies":[{"embeddable":true,"href":"https:\/\/dessaproject.eu\/pl\/wp-json\/wp\/v2\/comments?post=45"}],"version-history":[{"count":6,"href":"https:\/\/dessaproject.eu\/pl\/wp-json\/wp\/v2\/pages\/45\/revisions"}],"predecessor-version":[{"id":234,"href":"https:\/\/dessaproject.eu\/pl\/wp-json\/wp\/v2\/pages\/45\/revisions\/234"}],"wp:attachment":[{"href":"https:\/\/dessaproject.eu\/pl\/wp-json\/wp\/v2\/media?parent=45"}],"curies":[{"name":"wp","href":"https:\/\/api.w.org\/{rel}","templated":true}]}}