{"id":41,"date":"2020-02-04T11:55:32","date_gmt":"2020-02-04T11:55:32","guid":{"rendered":"http:\/\/dessaproject.eu\/?page_id=41"},"modified":"2020-06-16T10:42:52","modified_gmt":"2020-06-16T10:42:52","slug":"target-group","status":"publish","type":"page","link":"https:\/\/dessaproject.eu\/pl\/target-group\/","title":{"rendered":"Grupa docelowa"},"content":{"rendered":"\n<p>Bezpo\u015bredni\u0105 grup\u0105 docelow\u0105 projektu s\u0105 trenerzy i firmy zajmuj\u0105ce si\u0119 kszta\u0142ceniem i szkoleniem zawodowym zaanga\u017cowane w programy przyuczania do zawodu, jednak ostatecznymi beneficjentami s\u0105 uczniowie szk\u00f3\u0142 \u015brednich i wy\u017cszych szk\u00f3\u0142 zawodowych oraz o\u015brodk\u00f3w szkoleniowych.<\/p>\n","protected":false},"excerpt":{"rendered":"<p>Bezpo\u015bredni\u0105 grup\u0105 docelow\u0105 projektu s\u0105 trenerzy i firmy zajmuj\u0105ce si\u0119 kszta\u0142ceniem i szkoleniem zawodowym zaanga\u017cowane w programy przyuczania do zawodu, jednak ostatecznymi beneficjentami s\u0105 uczniowie szk\u00f3\u0142 \u015brednich i wy\u017cszych szk\u00f3\u0142 zawodowych oraz o\u015brodk\u00f3w szkoleniowych.<\/p>\n","protected":false},"author":1,"featured_media":0,"parent":0,"menu_order":0,"comment_status":"closed","ping_status":"closed","template":"","meta":[],"_links":{"self":[{"href":"https:\/\/dessaproject.eu\/pl\/wp-json\/wp\/v2\/pages\/41"}],"collection":[{"href":"https:\/\/dessaproject.eu\/pl\/wp-json\/wp\/v2\/pages"}],"about":[{"href":"https:\/\/dessaproject.eu\/pl\/wp-json\/wp\/v2\/types\/page"}],"author":[{"embeddable":true,"href":"https:\/\/dessaproject.eu\/pl\/wp-json\/wp\/v2\/users\/1"}],"replies":[{"embeddable":true,"href":"https:\/\/dessaproject.eu\/pl\/wp-json\/wp\/v2\/comments?post=41"}],"version-history":[{"count":7,"href":"https:\/\/dessaproject.eu\/pl\/wp-json\/wp\/v2\/pages\/41\/revisions"}],"predecessor-version":[{"id":239,"href":"https:\/\/dessaproject.eu\/pl\/wp-json\/wp\/v2\/pages\/41\/revisions\/239"}],"wp:attachment":[{"href":"https:\/\/dessaproject.eu\/pl\/wp-json\/wp\/v2\/media?parent=41"}],"curies":[{"name":"wp","href":"https:\/\/api.w.org\/{rel}","templated":true}]}}