{"id":38,"date":"2020-02-04T11:54:28","date_gmt":"2020-02-04T11:54:28","guid":{"rendered":"http:\/\/dessaproject.eu\/?page_id=38"},"modified":"2020-06-16T10:32:08","modified_gmt":"2020-06-16T10:32:08","slug":"objectives","status":"publish","type":"page","link":"https:\/\/dessaproject.eu\/pl\/objectives\/","title":{"rendered":"Cele projektu"},"content":{"rendered":"\n<p>Szczeg\u00f3\u0142owe cele projektu to:<\/p>\n\n\n\n<p>-Zorganizowanie grup fokusowych w celu zidentyfikowania i skupienia si\u0119 na konkretnych umiej\u0119tno\u015bciach mi\u0119kkich, kt\u00f3re najlepiej odpowiadaj\u0105 potrzebom interesariuszy projektu.<\/p>\n\n\n\n<p><br> -Mapowanie najlepszych praktyk i metodologii zastosowanych do rozwoju umiej\u0119tno\u015bci mi\u0119kkich w kszta\u0142ceniu zawodowym w krajach partnerskich.<\/p>\n\n\n\n<p><br> -Opracowanie programu praktyk sprzyjaj\u0105cemu nabywaniu przez uczni\u00f3w szk\u00f3\u0142 \u015brednich i wy\u017cszych szk\u00f3\u0142 zawodowych umiej\u0119tno\u015bci mi\u0119kkich i kompetencji. <\/p>\n\n\n\n<p><br> -Zastosowanie element\u00f3w grywalizacji w programie praktyk. -Opracowanie przewodnika dla trener\u00f3w w szko\u0142ach zawodowych i firmach, kt\u00f3ry uwzgl\u0119dni program praktyk, a tak\u017ce zaprojektuje, wesprze i nast\u0119pnie oceni system praktyk zawodowych. <\/p>\n\n\n\n<p><br> -Organizowanie seminari\u00f3w dla trener\u00f3w w szko\u0142ach zawodowych i firmach, kt\u00f3re zainteresowane s\u0105 realizowaniem programu praktyk zawodowych. <\/p>\n\n\n\n<p><br> -Stworzenie narz\u0119dzia online do samooceny umiej\u0119tno\u015bci mi\u0119kkich, umo\u017cliwiaj\u0105ce uczniom ustalenie w\u0142asnego programu uczenia si\u0119 poprzez okre\u015blenie swoich mocnych stron i obszar\u00f3w wymagaj\u0105cych poprawy. <\/p>\n","protected":false},"excerpt":{"rendered":"<p>Szczeg\u00f3\u0142owe cele projektu to: -Zorganizowanie grup fokusowych w celu zidentyfikowania i skupienia si\u0119 na konkretnych umiej\u0119tno\u015bciach mi\u0119kkich, kt\u00f3re najlepiej odpowiadaj\u0105 potrzebom interesariuszy projektu. -Mapowanie najlepszych praktyk i metodologii zastosowanych do rozwoju umiej\u0119tno\u015bci mi\u0119kkich w kszta\u0142ceniu zawodowym w krajach partnerskich. -Opracowanie programu praktyk sprzyjaj\u0105cemu nabywaniu przez uczni\u00f3w szk\u00f3\u0142 \u015brednich i wy\u017cszych szk\u00f3\u0142 zawodowych umiej\u0119tno\u015bci mi\u0119kkich i&#8230;<\/p>\n","protected":false},"author":1,"featured_media":0,"parent":0,"menu_order":0,"comment_status":"closed","ping_status":"closed","template":"","meta":[],"_links":{"self":[{"href":"https:\/\/dessaproject.eu\/pl\/wp-json\/wp\/v2\/pages\/38"}],"collection":[{"href":"https:\/\/dessaproject.eu\/pl\/wp-json\/wp\/v2\/pages"}],"about":[{"href":"https:\/\/dessaproject.eu\/pl\/wp-json\/wp\/v2\/types\/page"}],"author":[{"embeddable":true,"href":"https:\/\/dessaproject.eu\/pl\/wp-json\/wp\/v2\/users\/1"}],"replies":[{"embeddable":true,"href":"https:\/\/dessaproject.eu\/pl\/wp-json\/wp\/v2\/comments?post=38"}],"version-history":[{"count":7,"href":"https:\/\/dessaproject.eu\/pl\/wp-json\/wp\/v2\/pages\/38\/revisions"}],"predecessor-version":[{"id":235,"href":"https:\/\/dessaproject.eu\/pl\/wp-json\/wp\/v2\/pages\/38\/revisions\/235"}],"wp:attachment":[{"href":"https:\/\/dessaproject.eu\/pl\/wp-json\/wp\/v2\/media?parent=38"}],"curies":[{"name":"wp","href":"https:\/\/api.w.org\/{rel}","templated":true}]}}