{"id":8,"date":"2020-02-04T11:51:36","date_gmt":"2020-02-04T11:51:36","guid":{"rendered":"http:\/\/dessaproject.eu\/?page_id=8"},"modified":"2020-06-16T10:29:50","modified_gmt":"2020-06-16T10:29:50","slug":"contact","status":"publish","type":"page","link":"https:\/\/dessaproject.eu\/lt\/contact\/","title":{"rendered":"Kontaktai"},"content":{"rendered":"\n<figure class=\"wp-block-image size-large\"><img loading=\"lazy\" width=\"227\" height=\"83\" src=\"http:\/\/dessaproject.eu\/wp-content\/uploads\/2020\/02\/logo-MPF-2.png\" alt=\"\" class=\"wp-image-156\"\/><\/figure>\n\n\n\n<h2>Friesland College &#8211; Nyderlandai<\/h2>\n\n\n\n<p><a rel=\"noreferrer noopener\" href=\"http:\/\/www.frieslandcollege.nl\/\" target=\"_blank\">www.frieslandcollege.nl<\/a><\/p>\n\n\n\n<p>Asmuo kontaktams: Marja Guitoneau<br>m.guitoneau@mentorprogrammafriesland.nl <br>+31 (0)646605500  <\/p>\n\n\n\n<div style=\"height:100px\" aria-hidden=\"true\" class=\"wp-block-spacer\"><\/div>\n\n\n\n<figure class=\"wp-block-image size-large is-resized\"><img loading=\"lazy\" src=\"http:\/\/dessaproject.eu\/wp-content\/uploads\/2020\/02\/logo_txorierri-2-1024x384.jpg\" alt=\"\" class=\"wp-image-158\" width=\"351\" height=\"131\" srcset=\"https:\/\/dessaproject.eu\/wp-content\/uploads\/2020\/02\/logo_txorierri-2-1024x384.jpg 1024w, https:\/\/dessaproject.eu\/wp-content\/uploads\/2020\/02\/logo_txorierri-2-300x113.jpg 300w, https:\/\/dessaproject.eu\/wp-content\/uploads\/2020\/02\/logo_txorierri-2-768x288.jpg 768w, https:\/\/dessaproject.eu\/wp-content\/uploads\/2020\/02\/logo_txorierri-2-1536x576.jpg 1536w, https:\/\/dessaproject.eu\/wp-content\/uploads\/2020\/02\/logo_txorierri-2-2048x768.jpg 2048w, https:\/\/dessaproject.eu\/wp-content\/uploads\/2020\/02\/logo_txorierri-2-850x319.jpg 850w\" sizes=\"(max-width: 351px) 100vw, 351px\" \/><\/figure>\n\n\n\n<h2>Politeknika Ikastergia Txorierri &#8211; Ispanija  <\/h2>\n\n\n\n<p><a href=\"http:\/\/www.txorierri.net\/\">www.txorierri.net<\/a><\/p>\n\n\n\n<p>Asmuo kontaktams: Sheila Larrabaster<br><a rel=\"noreferrer noopener\" href=\"mailto:slarrabaster@txorierri.net\" target=\"_blank\">slarrabaster@txorierri.net<\/a> <br>+34 944034061 ext.131  <\/p>\n\n\n\n<div style=\"height:100px\" aria-hidden=\"true\" class=\"wp-block-spacer\"><\/div>\n\n\n\n<figure class=\"wp-block-image size-large\"><img loading=\"lazy\" width=\"346\" height=\"160\" src=\"http:\/\/dessaproject.eu\/wp-content\/uploads\/2020\/02\/UHE_logo_krzywe_04-2.jpg\" alt=\"\" class=\"wp-image-159\" srcset=\"https:\/\/dessaproject.eu\/wp-content\/uploads\/2020\/02\/UHE_logo_krzywe_04-2.jpg 346w, https:\/\/dessaproject.eu\/wp-content\/uploads\/2020\/02\/UHE_logo_krzywe_04-2-300x139.jpg 300w\" sizes=\"(max-width: 346px) 100vw, 346px\" \/><\/figure>\n\n\n\n<h2>Humanitarini\u0173 ir ekonomini\u0173 moksl\u0173 universitetas  Lodz\u0117je &#8211; Lenkija <\/h2>\n\n\n\n<p><a rel=\"noreferrer noopener\" href=\"http:\/\/www.ahe.lodz.pl\/\" target=\"_blank\">www.ahe.lodz.pl<\/a><\/p>\n\n\n\n<p>Asmuo kontaktams: Amanda Szukalska<br><a rel=\"noreferrer noopener\" href=\"mailto:aszukalska@ahe.lodz.pl\" target=\"_blank\">aszukalska@ahe.lodz.pl<\/a> <\/p>\n\n\n\n<div style=\"height:100px\" aria-hidden=\"true\" class=\"wp-block-spacer\"><\/div>\n\n\n\n<figure class=\"wp-block-image size-large is-resized\"><img loading=\"lazy\" src=\"http:\/\/dessaproject.eu\/wp-content\/uploads\/2020\/02\/IDEC-600-2-1024x306.jpg\" alt=\"\" class=\"wp-image-160\" width=\"342\" height=\"102\" srcset=\"https:\/\/dessaproject.eu\/wp-content\/uploads\/2020\/02\/IDEC-600-2-1024x306.jpg 1024w, https:\/\/dessaproject.eu\/wp-content\/uploads\/2020\/02\/IDEC-600-2-300x90.jpg 300w, https:\/\/dessaproject.eu\/wp-content\/uploads\/2020\/02\/IDEC-600-2-768x229.jpg 768w, https:\/\/dessaproject.eu\/wp-content\/uploads\/2020\/02\/IDEC-600-2-1536x459.jpg 1536w, https:\/\/dessaproject.eu\/wp-content\/uploads\/2020\/02\/IDEC-600-2-850x254.jpg 850w, https:\/\/dessaproject.eu\/wp-content\/uploads\/2020\/02\/IDEC-600-2.jpg 1951w\" sizes=\"(max-width: 342px) 100vw, 342px\" \/><\/figure>\n\n\n\n<h2>IDEC &#8211; Graikija<\/h2>\n\n\n\n<p><a rel=\"noreferrer noopener\" href=\"http:\/\/www.idec.gr\/\" target=\"_blank\">www.idec.gr<\/a><\/p>\n\n\n\n<p>Asmuo kontaktams: Nefeli Dimopoulou<br>nefeli@idec.gr<br>+30 210 4286227<\/p>\n\n\n\n<div style=\"height:100px\" aria-hidden=\"true\" class=\"wp-block-spacer\"><\/div>\n\n\n\n<figure class=\"wp-block-image size-large is-resized\"><img loading=\"lazy\" src=\"http:\/\/dessaproject.eu\/wp-content\/uploads\/2020\/02\/logotipas1-2.jpg\" alt=\"\" class=\"wp-image-161\" width=\"191\" height=\"259\" srcset=\"https:\/\/dessaproject.eu\/wp-content\/uploads\/2020\/02\/logotipas1-2.jpg 485w, https:\/\/dessaproject.eu\/wp-content\/uploads\/2020\/02\/logotipas1-2-222x300.jpg 222w, https:\/\/dessaproject.eu\/wp-content\/uploads\/2020\/02\/logotipas1-2-300x405.jpg 300w\" sizes=\"(max-width: 191px) 100vw, 191px\" \/><\/figure>\n\n\n\n<h2>Kauno statybos ir paslaug\u0173 mokymo centras &#8211; Lietuva <\/h2>\n\n\n\n<p><a rel=\"noreferrer noopener\" href=\"https:\/\/www.profcentras.lt\/\" target=\"_blank\">www.profcentras.lt<\/a>  <\/p>\n\n\n\n<p>Asmuo kontaktams: Tomas Vilcinskas<br><a href=\"mailto:tomas.vilcinskas71@gmail.com\">tomas.vilcinskas71@gmail.com<\/a><br>+37060319110 <\/p>\n\n\n\n<div style=\"height:100px\" aria-hidden=\"true\" class=\"wp-block-spacer\"><\/div>\n\n\n\n<figure class=\"wp-block-image size-large is-resized\"><img loading=\"lazy\" src=\"http:\/\/dessaproject.eu\/wp-content\/uploads\/2020\/02\/IekDelta-2.png\" alt=\"\" class=\"wp-image-162\" width=\"320\" height=\"212\" srcset=\"https:\/\/dessaproject.eu\/wp-content\/uploads\/2020\/02\/IekDelta-2.png 900w, https:\/\/dessaproject.eu\/wp-content\/uploads\/2020\/02\/IekDelta-2-300x200.png 300w, https:\/\/dessaproject.eu\/wp-content\/uploads\/2020\/02\/IekDelta-2-768x512.png 768w, https:\/\/dessaproject.eu\/wp-content\/uploads\/2020\/02\/IekDelta-2-850x567.png 850w\" sizes=\"(max-width: 320px) 100vw, 320px\" \/><\/figure>\n\n\n\n<h2>IIEK DELTA &#8211; Graikija<\/h2>\n\n\n\n<p><a rel=\"noreferrer noopener\" href=\"http:\/\/www.iekdelta.gr\/\" target=\"_blank\">www.iekdelta.gr<\/a> <\/p>\n\n\n\n<p>Asmuo kontaktams: Dr.Konstantinos Kiousis<br>kiousis@iekdelta.gr<br>+30 2108225983 <\/p>\n","protected":false},"excerpt":{"rendered":"<p>Friesland College &#8211; Nyderlandai www.frieslandcollege.nl Asmuo kontaktams: Marja Guitoneaum.guitoneau@mentorprogrammafriesland.nl +31 (0)646605500 Politeknika Ikastergia Txorierri &#8211; Ispanija www.txorierri.net Asmuo kontaktams: Sheila Larrabasterslarrabaster@txorierri.net +34 944034061 ext.131 Humanitarini\u0173 ir ekonomini\u0173 moksl\u0173 universitetas Lodz\u0117je &#8211; Lenkija www.ahe.lodz.pl Asmuo kontaktams: Amanda Szukalskaaszukalska@ahe.lodz.pl IDEC &#8211; Graikija www.idec.gr Asmuo kontaktams: Nefeli Dimopoulounefeli@idec.gr+30 210 4286227 Kauno statybos ir paslaug\u0173 mokymo centras &#8211; Lietuva&#8230;<\/p>\n","protected":false},"author":1,"featured_media":0,"parent":0,"menu_order":0,"comment_status":"closed","ping_status":"closed","template":"","meta":[],"_links":{"self":[{"href":"https:\/\/dessaproject.eu\/lt\/wp-json\/wp\/v2\/pages\/8"}],"collection":[{"href":"https:\/\/dessaproject.eu\/lt\/wp-json\/wp\/v2\/pages"}],"about":[{"href":"https:\/\/dessaproject.eu\/lt\/wp-json\/wp\/v2\/types\/page"}],"author":[{"embeddable":true,"href":"https:\/\/dessaproject.eu\/lt\/wp-json\/wp\/v2\/users\/1"}],"replies":[{"embeddable":true,"href":"https:\/\/dessaproject.eu\/lt\/wp-json\/wp\/v2\/comments?post=8"}],"version-history":[{"count":24,"href":"https:\/\/dessaproject.eu\/lt\/wp-json\/wp\/v2\/pages\/8\/revisions"}],"predecessor-version":[{"id":233,"href":"https:\/\/dessaproject.eu\/lt\/wp-json\/wp\/v2\/pages\/8\/revisions\/233"}],"wp:attachment":[{"href":"https:\/\/dessaproject.eu\/lt\/wp-json\/wp\/v2\/media?parent=8"}],"curies":[{"name":"wp","href":"https:\/\/api.w.org\/{rel}","templated":true}]}}