{"id":49,"date":"2020-02-04T12:00:16","date_gmt":"2020-02-04T12:00:16","guid":{"rendered":"http:\/\/dessaproject.eu\/?page_id=49"},"modified":"2022-09-14T14:21:13","modified_gmt":"2022-09-14T14:21:13","slug":"results","status":"publish","type":"page","link":"https:\/\/dessaproject.eu\/lt\/results\/","title":{"rendered":"Rezultatai"},"content":{"rendered":"\n<div style=\"height:38px\" aria-hidden=\"true\" class=\"wp-block-spacer\"><\/div>\n\n\n\n<p>Projekto metu bus sukurti trys pagrindiniai intelektiniai rezultatai:<\/p>\n\n\n\n<div style=\"height:38px\" aria-hidden=\"true\" class=\"wp-block-spacer\"><\/div>\n\n\n\n<h2>IO1 pameistryst\u0117s programa, skirta tobulinti mink\u0161tuosius \u012fg\u016bd\u017eius ir kompetencijas<\/h2>\n\n\n\n<p>Pameistryst\u0117s \u012fgyvendinimo schema, orientuota \u012f mink\u0161t\u0173j\u0173 \u012fg\u016bd\u017ei\u0173 ir kompetencij\u0173 \u012fgijim\u0105, pagr\u012fsta \u017eaidimais ir nat\u016braliais mentoryst\u0117s elementais. Pameistryst\u0117s schema apima teorinius pagrindus ir pagrindinius pameistryst\u0117s programos, skirtos mink\u0161t\u0173j\u0173 \u012fg\u016bd\u017ei\u0173 ir kompetencij\u0173 ugdymui, k\u016brimo, \u012fgyvendinimo ir vertinimo principus.<\/p>\n\n\n\n<p><a href=\"http:\/\/dessaproject.eu\/wp-content\/uploads\/2022\/06\/IO1_Apprenticeships_Scheme_LT.pdf\" target=\"_blank\" rel=\"noreferrer noopener\">Pameistryst\u0117s modelio k\u016brimas<\/a><\/p>\n\n\n\n<div style=\"height:68px\" aria-hidden=\"true\" class=\"wp-block-spacer\"><\/div>\n\n\n\n<h2>Pameistri\u0173 vadovas: vadovas, kaip tobulinti savo lengvuosius \u012fg\u016bd\u017eius pameistryst\u0117s metu!<\/h2>\n\n\n\n<p>\u0160iame mokymo vadove mokiniai gali rasti de\u0161imt u\u017eduo\u010di\u0173, kurios suteiks jiems galimyb\u0119 tobulinti savo mink\u0161tuosius \u012fg\u016bd\u017eius, \u012fgyti vertingos patirties realioje darbo aplinkoje ir galiausiai i\u0161augti kaip profesionalui.<\/p>\n\n\n\n<p>\u0160ios u\u017eduotys yra specialiai sukurtos pad\u0117ti mokiniams siekti savo tiksl\u0173 ir asmeni\u0161kai bei profesi\u0161kai tobul\u0117ti. Nor\u0117dami pad\u0117ti jiems mokytis ir atlikti \u0161iame vadove pateiktas u\u017eduotis, pameistri\u0173 pra\u0161oma pagalvoti apie patyrus\u012f savo darbo aplinkos pavyzd\u012f, nat\u016bral\u0173 mentori\u0173.<\/p>\n\n\n\n<div class=\"wp-block-file\"><object class=\"wp-block-file__embed\" data=\"http:\/\/dessaproject.eu\/wp-content\/uploads\/2022\/06\/IO1_Trainees_Guide_LT.pdf\" type=\"application\/pdf\" style=\"width:100%;height:200px\" aria-label=\"Embed of IO1_Trainees_Guide_LT.\"><\/object><a id=\"wp-block-file--media-25670b5b-5ffe-4fbc-b1ce-0ba987614e67\" href=\"http:\/\/dessaproject.eu\/wp-content\/uploads\/2022\/06\/IO1_Trainees_Guide_LT.pdf\">IO1_Trainees_Guide_LT<\/a><a href=\"http:\/\/dessaproject.eu\/wp-content\/uploads\/2022\/06\/IO1_Trainees_Guide_LT.pdf\" class=\"wp-block-file__button\" download aria-describedby=\"wp-block-file--media-25670b5b-5ffe-4fbc-b1ce-0ba987614e67\">Parsisi\u0173sti<\/a><\/div>\n\n\n\n<div style=\"height:100px\" aria-hidden=\"true\" class=\"wp-block-spacer\"><\/div>\n\n\n\n<h2>IO2 Treneri\u0173 vadovas<\/h2>\n\n\n\n<p>Vadovas profesijos mokytojams profesinio mokymo organizacijose ir \u012fmon\u0117se, padedantis kurti, \u012fgyvendinti, valdyti, vertinti ir tvirtinti pameistryst\u0117s schem\u0105. <\/p>\n\n\n\n<p>Mokytoj\u0173 vadovo tikslai yra \u0161ie:<\/p>\n\n\n\n<ul><li>paruo\u0161ti ir mokyti profesinio mokymo centr\u0173 ir \u012fmoni\u0173 trenerius, kad jie suprast\u0173 pameistryst\u0117s \u012fg\u016bd\u017ei\u0173 \u012fgijimo s\u0105vok\u0105<\/li><li>ugdyti d\u0117stytoj\u0173 geb\u0117jimus perduoti pagrindinius \u012fg\u016bd\u017eius mokiniams<\/li><li>pristatyti ir skatinti pameistryst\u0117s program\u0105<\/li><li>nustatyti ir pateikti s\u0117kmingas pameistryst\u0117s istorijas, gautas eksperimentavimo etape \u0161alyse partner\u0117se<\/li><li>parengti profesinio mokymo teik\u0117jams ir \u012fmon\u0117ms skirt\u0105 instruktori\u0173 vadov\u0105, kuriame b\u016bt\u0173 pateiktos instrukcijos, pasi\u016blymai ir s\u0117kmingi pavyzd\u017eiai \u0161alyse partner\u0117se, siekiant patobulinti pameistryst\u0117s program\u0105 naujose \u012fmon\u0117se;<\/li><li>parodyti plat\u0173 pameistryst\u0117s programos pritaikomum\u0105 kiekviename sektoriuje ir \u0161alyje.<\/li><\/ul>\n\n\n\n<div class=\"wp-block-file\"><object class=\"wp-block-file__embed\" data=\"http:\/\/dessaproject.eu\/wp-content\/uploads\/2022\/06\/IO2_Trainers_Guide_LT.pdf\" type=\"application\/pdf\" style=\"width:100%;height:200px\" aria-label=\"Embed of GIDAS INSTRUKTORIAMS.\"><\/object><a id=\"wp-block-file--media-3914ec37-2ef5-4b04-a438-0f376e5b4604\" href=\"http:\/\/dessaproject.eu\/wp-content\/uploads\/2022\/06\/IO2_Trainers_Guide_LT.pdf\">GIDAS INSTRUKTORIAMS<\/a><a href=\"http:\/\/dessaproject.eu\/wp-content\/uploads\/2022\/06\/IO2_Trainers_Guide_LT.pdf\" class=\"wp-block-file__button\" download aria-describedby=\"wp-block-file--media-3914ec37-2ef5-4b04-a438-0f376e5b4604\">Parsisi\u0173sti<\/a><\/div>\n\n\n\n<div style=\"height:100px\" aria-hidden=\"true\" class=\"wp-block-spacer\"><\/div>\n\n\n\n<h2>IO3 Internetin\u0117 platforma, skirta mink\u0161t\u0173j\u0173 \u012fg\u016bd\u017ei\u0173 \u012fvertinimui<\/h2>\n\n\n\n<p>Platformoje yra kiekvieno \u0161velnaus \u012fg\u016bd\u017eio \u012fsivertinimo \u012frankiai, o vartotojas gali \u012fvertinti savo lyg\u012f i\u0161 anksto nustatyt\u0173 lygi\u0173. Priemon\u0117je taip pat yra <a href=\"http:\/\/dessaproject.eu\/wp-content\/uploads\/2022\/06\/IO3_Orientation_Guide_LT.pdf\" target=\"_blank\" rel=\"noreferrer noopener\">orientacinis vadovas<\/a>, skirtas tobulinti mink\u0161tuosius \u012fg\u016bd\u017eius.<\/p>\n\n\n\n<p><a href=\"https:\/\/selfassessment.dessaproject.eu\/lt\" target=\"_blank\" rel=\"noreferrer noopener\" aria-label=\" (opens in a new tab)\">www.selfassessment.dessaproject.eu<\/a><\/p>\n","protected":false},"excerpt":{"rendered":"<p>Projekto metu bus sukurti trys pagrindiniai intelektiniai rezultatai: IO1 pameistryst\u0117s programa, skirta tobulinti mink\u0161tuosius \u012fg\u016bd\u017eius ir kompetencijas Pameistryst\u0117s \u012fgyvendinimo schema, orientuota \u012f mink\u0161t\u0173j\u0173 \u012fg\u016bd\u017ei\u0173 ir kompetencij\u0173 \u012fgijim\u0105, pagr\u012fsta \u017eaidimais ir nat\u016braliais mentoryst\u0117s elementais. Pameistryst\u0117s schema apima teorinius pagrindus ir pagrindinius pameistryst\u0117s programos, skirtos mink\u0161t\u0173j\u0173 \u012fg\u016bd\u017ei\u0173 ir kompetencij\u0173 ugdymui, k\u016brimo, \u012fgyvendinimo ir vertinimo principus. Pameistryst\u0117s modelio&#8230;<\/p>\n","protected":false},"author":1,"featured_media":0,"parent":0,"menu_order":0,"comment_status":"closed","ping_status":"closed","template":"","meta":[],"_links":{"self":[{"href":"https:\/\/dessaproject.eu\/lt\/wp-json\/wp\/v2\/pages\/49"}],"collection":[{"href":"https:\/\/dessaproject.eu\/lt\/wp-json\/wp\/v2\/pages"}],"about":[{"href":"https:\/\/dessaproject.eu\/lt\/wp-json\/wp\/v2\/types\/page"}],"author":[{"embeddable":true,"href":"https:\/\/dessaproject.eu\/lt\/wp-json\/wp\/v2\/users\/1"}],"replies":[{"embeddable":true,"href":"https:\/\/dessaproject.eu\/lt\/wp-json\/wp\/v2\/comments?post=49"}],"version-history":[{"count":84,"href":"https:\/\/dessaproject.eu\/lt\/wp-json\/wp\/v2\/pages\/49\/revisions"}],"predecessor-version":[{"id":546,"href":"https:\/\/dessaproject.eu\/lt\/wp-json\/wp\/v2\/pages\/49\/revisions\/546"}],"wp:attachment":[{"href":"https:\/\/dessaproject.eu\/lt\/wp-json\/wp\/v2\/media?parent=49"}],"curies":[{"name":"wp","href":"https:\/\/api.w.org\/{rel}","templated":true}]}}