{"id":45,"date":"2020-02-04T11:56:04","date_gmt":"2020-02-04T11:56:04","guid":{"rendered":"http:\/\/dessaproject.eu\/?page_id=45"},"modified":"2020-06-16T10:30:45","modified_gmt":"2020-06-16T10:30:45","slug":"impact","status":"publish","type":"page","link":"https:\/\/dessaproject.eu\/lt\/impact\/","title":{"rendered":"Poveikis"},"content":{"rendered":"\n<p>Projektas skirtas daryti poveik\u012f vietos \/ regioniniu \/ nacionaliniu ir Europos lygmenimis. Vietos lygiu projektas prisid\u0117s prie student\u0173 \u012fg\u016bd\u017ei\u0173 tobulinimo, pameistryst\u0117s skatinimo ir profesinio mokymo student\u0173 \u012fsidarbinimo perspektyvos didinimo. Nacionaliniu ir Europos lygiu projektas prisid\u0117s prie pameistryst\u0117s skatinimo, mokymosi darbo vietoje ir mink\u0161t\u0173j\u0173 \u012fg\u016bd\u017ei\u0173 mokymosi darbo vietoje.<\/p>\n","protected":false},"excerpt":{"rendered":"<p>Projektas skirtas daryti poveik\u012f vietos \/ regioniniu \/ nacionaliniu ir Europos lygmenimis. Vietos lygiu projektas prisid\u0117s prie student\u0173 \u012fg\u016bd\u017ei\u0173 tobulinimo, pameistryst\u0117s skatinimo ir profesinio mokymo student\u0173 \u012fsidarbinimo perspektyvos didinimo. Nacionaliniu ir Europos lygiu projektas prisid\u0117s prie pameistryst\u0117s skatinimo, mokymosi darbo vietoje ir mink\u0161t\u0173j\u0173 \u012fg\u016bd\u017ei\u0173 mokymosi darbo vietoje.<\/p>\n","protected":false},"author":1,"featured_media":0,"parent":0,"menu_order":0,"comment_status":"closed","ping_status":"closed","template":"","meta":[],"_links":{"self":[{"href":"https:\/\/dessaproject.eu\/lt\/wp-json\/wp\/v2\/pages\/45"}],"collection":[{"href":"https:\/\/dessaproject.eu\/lt\/wp-json\/wp\/v2\/pages"}],"about":[{"href":"https:\/\/dessaproject.eu\/lt\/wp-json\/wp\/v2\/types\/page"}],"author":[{"embeddable":true,"href":"https:\/\/dessaproject.eu\/lt\/wp-json\/wp\/v2\/users\/1"}],"replies":[{"embeddable":true,"href":"https:\/\/dessaproject.eu\/lt\/wp-json\/wp\/v2\/comments?post=45"}],"version-history":[{"count":6,"href":"https:\/\/dessaproject.eu\/lt\/wp-json\/wp\/v2\/pages\/45\/revisions"}],"predecessor-version":[{"id":234,"href":"https:\/\/dessaproject.eu\/lt\/wp-json\/wp\/v2\/pages\/45\/revisions\/234"}],"wp:attachment":[{"href":"https:\/\/dessaproject.eu\/lt\/wp-json\/wp\/v2\/media?parent=45"}],"curies":[{"name":"wp","href":"https:\/\/api.w.org\/{rel}","templated":true}]}}