{"id":41,"date":"2020-02-04T11:55:32","date_gmt":"2020-02-04T11:55:32","guid":{"rendered":"http:\/\/dessaproject.eu\/?page_id=41"},"modified":"2020-06-16T10:42:52","modified_gmt":"2020-06-16T10:42:52","slug":"target-group","status":"publish","type":"page","link":"https:\/\/dessaproject.eu\/lt\/target-group\/","title":{"rendered":"Tikslin\u0117s grup\u0117s"},"content":{"rendered":"\n<p>Tiesiogin\u0117 projekto tikslin\u0117 grup\u0117 yra profesinio mokymo instruktoriai ir \u012fmon\u0117s, dalyvaujan\u010dios pameistryst\u0117s programose, ta\u010diau galutiniai naudos gav\u0117jai yra studentai, besimokantys vidurinio ir auk\u0161tesniojo lygio profesinio mokymo mokyklose ir centruose.<\/p>\n","protected":false},"excerpt":{"rendered":"<p>Tiesiogin\u0117 projekto tikslin\u0117 grup\u0117 yra profesinio mokymo instruktoriai ir \u012fmon\u0117s, dalyvaujan\u010dios pameistryst\u0117s programose, ta\u010diau galutiniai naudos gav\u0117jai yra studentai, besimokantys vidurinio ir auk\u0161tesniojo lygio profesinio mokymo mokyklose ir centruose.<\/p>\n","protected":false},"author":1,"featured_media":0,"parent":0,"menu_order":0,"comment_status":"closed","ping_status":"closed","template":"","meta":[],"_links":{"self":[{"href":"https:\/\/dessaproject.eu\/lt\/wp-json\/wp\/v2\/pages\/41"}],"collection":[{"href":"https:\/\/dessaproject.eu\/lt\/wp-json\/wp\/v2\/pages"}],"about":[{"href":"https:\/\/dessaproject.eu\/lt\/wp-json\/wp\/v2\/types\/page"}],"author":[{"embeddable":true,"href":"https:\/\/dessaproject.eu\/lt\/wp-json\/wp\/v2\/users\/1"}],"replies":[{"embeddable":true,"href":"https:\/\/dessaproject.eu\/lt\/wp-json\/wp\/v2\/comments?post=41"}],"version-history":[{"count":7,"href":"https:\/\/dessaproject.eu\/lt\/wp-json\/wp\/v2\/pages\/41\/revisions"}],"predecessor-version":[{"id":239,"href":"https:\/\/dessaproject.eu\/lt\/wp-json\/wp\/v2\/pages\/41\/revisions\/239"}],"wp:attachment":[{"href":"https:\/\/dessaproject.eu\/lt\/wp-json\/wp\/v2\/media?parent=41"}],"curies":[{"name":"wp","href":"https:\/\/api.w.org\/{rel}","templated":true}]}}