{"id":38,"date":"2020-02-04T11:54:28","date_gmt":"2020-02-04T11:54:28","guid":{"rendered":"http:\/\/dessaproject.eu\/?page_id=38"},"modified":"2020-06-16T10:32:08","modified_gmt":"2020-06-16T10:32:08","slug":"objectives","status":"publish","type":"page","link":"https:\/\/dessaproject.eu\/lt\/objectives\/","title":{"rendered":"Tikslai"},"content":{"rendered":"\n<p>Projekto tikslai yra:<\/p>\n\n\n\n<p><br> -Organizuoti tikslines grupes, kad b\u016bt\u0173 galima nustatyti ir sutelkti d\u0117mes\u012f \u012f konkre\u010dius mink\u0161tuosius \u012fg\u016bd\u017eius, kurie geriausiai patenkina projekto suinteresuot\u0173j\u0173 \u0161ali\u0173 poreikius.<\/p>\n\n\n\n<p><br> -Nubr\u0117\u017eti geriausios praktikos pavyzd\u017eius ir metodologijas, taikomas tobulinant profesinio mokymo pameistryst\u0117s \u012fg\u016bd\u017eius profesin\u0117se mokyklose partneri\u0173 \u0161alyse.<\/p>\n\n\n\n<p><br> -Parengti pameistryst\u0117s schem\u0105, skirt\u0105 vidurini\u0173 ir auk\u0161tesni\u0173j\u0173 pakop\u0173 profesinio mokymo student\u0173 \u012fg\u016bd\u017eiams ir kompetencijoms \u012fgyti. <br> -Taikyti \u017eaidimo elementus pameistryst\u0117s schemoje<\/p>\n\n\n\n<p><br> -Parengti instruktori\u0173 vadov\u0105, skirt\u0105 profesinio mokymo mokykl\u0173 ir \u012fmoni\u0173 treneriams, kurie taikys pameistryst\u0117s schem\u0105 ir kurs, palaikys ir vertins pameistryst\u0117s program\u0105.<\/p>\n\n\n\n<p><br> -Organizuoti seminarus d\u0117stytojams profesinio mokymo mokyklose ir \u012fmon\u0117se, suinteresuotose taikyti pameistryst\u0117s schem\u0105.<\/p>\n\n\n\n<p><br> -Sukurti internetin\u012f \u012frank\u012f, skirt\u0105 \u012fsivertinti mink\u0161tuosius \u012fg\u016bd\u017eius, studentams nustatyti savo mokymosi darbotvark\u0119, nustatant stipri\u0105sias puses ir tobulintinas sritis.<\/p>\n","protected":false},"excerpt":{"rendered":"<p>Projekto tikslai yra: -Organizuoti tikslines grupes, kad b\u016bt\u0173 galima nustatyti ir sutelkti d\u0117mes\u012f \u012f konkre\u010dius mink\u0161tuosius \u012fg\u016bd\u017eius, kurie geriausiai patenkina projekto suinteresuot\u0173j\u0173 \u0161ali\u0173 poreikius. -Nubr\u0117\u017eti geriausios praktikos pavyzd\u017eius ir metodologijas, taikomas tobulinant profesinio mokymo pameistryst\u0117s \u012fg\u016bd\u017eius profesin\u0117se mokyklose partneri\u0173 \u0161alyse. -Parengti pameistryst\u0117s schem\u0105, skirt\u0105 vidurini\u0173 ir auk\u0161tesni\u0173j\u0173 pakop\u0173 profesinio mokymo student\u0173 \u012fg\u016bd\u017eiams ir kompetencijoms \u012fgyti&#8230;.<\/p>\n","protected":false},"author":1,"featured_media":0,"parent":0,"menu_order":0,"comment_status":"closed","ping_status":"closed","template":"","meta":[],"_links":{"self":[{"href":"https:\/\/dessaproject.eu\/lt\/wp-json\/wp\/v2\/pages\/38"}],"collection":[{"href":"https:\/\/dessaproject.eu\/lt\/wp-json\/wp\/v2\/pages"}],"about":[{"href":"https:\/\/dessaproject.eu\/lt\/wp-json\/wp\/v2\/types\/page"}],"author":[{"embeddable":true,"href":"https:\/\/dessaproject.eu\/lt\/wp-json\/wp\/v2\/users\/1"}],"replies":[{"embeddable":true,"href":"https:\/\/dessaproject.eu\/lt\/wp-json\/wp\/v2\/comments?post=38"}],"version-history":[{"count":7,"href":"https:\/\/dessaproject.eu\/lt\/wp-json\/wp\/v2\/pages\/38\/revisions"}],"predecessor-version":[{"id":235,"href":"https:\/\/dessaproject.eu\/lt\/wp-json\/wp\/v2\/pages\/38\/revisions\/235"}],"wp:attachment":[{"href":"https:\/\/dessaproject.eu\/lt\/wp-json\/wp\/v2\/media?parent=38"}],"curies":[{"name":"wp","href":"https:\/\/api.w.org\/{rel}","templated":true}]}}