{"id":62,"date":"2020-02-04T12:12:28","date_gmt":"2020-02-04T12:12:28","guid":{"rendered":"http:\/\/dessaproject.eu\/?page_id=62"},"modified":"2021-03-18T06:58:12","modified_gmt":"2021-03-18T06:58:12","slug":"partners","status":"publish","type":"page","link":"https:\/\/dessaproject.eu\/es\/partners\/","title":{"rendered":"Socios"},"content":{"rendered":"\n<figure class=\"wp-block-image size-large\"><img loading=\"lazy\" width=\"227\" height=\"83\" src=\"http:\/\/dessaproject.eu\/wp-content\/uploads\/2020\/02\/logo-MPF-1.png\" alt=\"\" class=\"wp-image-144\"\/><\/figure>\n\n\n\n<h2>Friesland College &#8211; Pa\u00edses Bajos<\/h2>\n\n\n\n<p>Friesland College es una instituci\u00f3n educativa abierta que respeta todas las religiones y culturas existentes. Se involucra y escucha a sus estudiantes, es innovadora y su pasi\u00f3n es la ense\u00f1anza. El alumnado de Friesland College puede escoger de entre una gran variedad de cursos, oportunidades de trabajo, instalaciones y actividades. <\/p>\n\n\n\n<p>Todo esto lo proporciona un plantilla de 1000 trabajadores\/as de la provincia de Friesland. La instituci\u00f3n est\u00e1 activa en diferentes localidades, pero las m\u00e1s grandes se encuentran en Leeuwarden y Heerenveen, ambas en Friesland, al norte de Pa\u00edses Bajos.<\/p>\n\n\n\n<p>P\u00e1gina web:  <a rel=\"noreferrer noopener\" href=\"http:\/\/www.frieslandcollege.nl\/\" target=\"_blank\">www.frieslandcollege.nl<\/a><\/p>\n\n\n\n<div style=\"height:100px\" aria-hidden=\"true\" class=\"wp-block-spacer\"><\/div>\n\n\n\n<figure class=\"wp-block-image size-large is-resized\"><img loading=\"lazy\" src=\"http:\/\/dessaproject.eu\/wp-content\/uploads\/2020\/02\/logo_txorierri-1-1024x384.jpg\" alt=\"\" class=\"wp-image-147\" width=\"371\" height=\"138\" srcset=\"https:\/\/dessaproject.eu\/wp-content\/uploads\/2020\/02\/logo_txorierri-1-1024x384.jpg 1024w, https:\/\/dessaproject.eu\/wp-content\/uploads\/2020\/02\/logo_txorierri-1-300x113.jpg 300w, https:\/\/dessaproject.eu\/wp-content\/uploads\/2020\/02\/logo_txorierri-1-768x288.jpg 768w, https:\/\/dessaproject.eu\/wp-content\/uploads\/2020\/02\/logo_txorierri-1-1536x576.jpg 1536w, https:\/\/dessaproject.eu\/wp-content\/uploads\/2020\/02\/logo_txorierri-1-2048x768.jpg 2048w, https:\/\/dessaproject.eu\/wp-content\/uploads\/2020\/02\/logo_txorierri-1-850x319.jpg 850w\" sizes=\"(max-width: 371px) 100vw, 371px\" \/><\/figure>\n\n\n\n<h2>Politeknika Ikastegia Txorierri &#8211; Espa\u00f1a<\/h2>\n\n\n\n<p>Politeknika Ikastegia Txorierri es un centro de Formaci\u00f3n Profesional y Bachillerato del \u00e1mbito de las ciencias y la teconolog\u00eda ubicado en el Pa\u00eds Vasco. Entre su oferta de Formaci\u00f3n Profesional se inlcuyen los ciclos de Grado Medio y Grado Superior. Cada a\u00f1o el centro cuenta con m\u00e1s de 400 alumnos a tiempo completo y m\u00e1s de 1000 alumnos que participan en cursos de especializaci\u00f3n a tiempo parcial. <\/p>\n\n\n\n<p>Politeknika Ikastegia Txorierri es una cooperativa orientada al servicio de las empresas y la industria local. Comprometida en la formaci\u00f3n integral y permanente de las personas, promueve el desarrollo de proyectos de innovaci\u00f3n tecnol\u00f3gica y did\u00e1ctica, con objeto de ofrecer un servicio p\u00fablico de calidad, que sirva para dar respuesta a las necesidades formativas del entorno.<\/p>\n\n\n\n<p>P\u00e1gina web:  <a href=\"http:\/\/www.txorierri.net\/\">www.txorierri.net<\/a> <\/p>\n\n\n\n<div style=\"height:100px\" aria-hidden=\"true\" class=\"wp-block-spacer\"><\/div>\n\n\n\n<figure class=\"wp-block-image size-large\"><img loading=\"lazy\" width=\"346\" height=\"160\" src=\"http:\/\/dessaproject.eu\/wp-content\/uploads\/2020\/02\/UHE_logo_krzywe_04-1.jpg\" alt=\"\" class=\"wp-image-149\" srcset=\"https:\/\/dessaproject.eu\/wp-content\/uploads\/2020\/02\/UHE_logo_krzywe_04-1.jpg 346w, https:\/\/dessaproject.eu\/wp-content\/uploads\/2020\/02\/UHE_logo_krzywe_04-1-300x139.jpg 300w\" sizes=\"(max-width: 346px) 100vw, 346px\" \/><\/figure>\n\n\n\n<h2>Akademia Humanistyczno-Ekonomiczna w Lodzi &#8211; Polonia<\/h2>\n\n\n\n<p>La Universidad de Humanidades y Econom\u00eda de Lodz (AHE) es una instituci\u00f3n de educaci\u00f3n superior acreditada, que adem\u00e1s de los programas universitarios tradicionales (Grado, M\u00e1ster, Doctorado\u2026) tambi\u00e9n ofrece estudios de posgrado y cursos para varios grupos objetivo, incluidas las personas adultas en situaci\u00f3n de desempleo, j\u00f3venes, estudiantes, personas con discapacidad, adultos\/as mayores, profesores\/as, formadores\/as, personas de diversas profesiones, migrantes, ni\u00f1os\/as, j\u00f3venes desfavorecidos, desempleados. <\/p>\n\n\n\n<p>Siendo una de las universidades privadas m\u00e1s grandes de Polonia, AHE est\u00e1 formada por 23 facultades y contiene una oferta educativa muy amplia, con m\u00e1s 100 cursos, 5 de ellos en ingl\u00e9s, y el plan de estudios de los cursos se actualiza constantemente de acuerdo con las demandas del mercado. <\/p>\n\n\n\n<p>Seg\u00fan el ranking publicado en 2017 por el Ministerio de Educaci\u00f3n Superior, AHE es la segunda universidad m\u00e1s elegida en el voivodato de Lodz y la d\u00e9cima en el pa\u00eds.<\/p>\n\n\n\n<p> P\u00e1gina web:  <a rel=\"noreferrer noopener\" href=\"http:\/\/www.ahe.lodz.pl\/\" target=\"_blank\">www.ahe.lodz.pl<\/a> <\/p>\n\n\n\n<div style=\"height:100px\" aria-hidden=\"true\" class=\"wp-block-spacer\"><\/div>\n\n\n\n<figure class=\"wp-block-image size-large is-resized\"><img loading=\"lazy\" src=\"http:\/\/dessaproject.eu\/wp-content\/uploads\/2020\/02\/IDEC-600-1-1024x306.jpg\" alt=\"\" class=\"wp-image-150\" width=\"346\" height=\"103\" srcset=\"https:\/\/dessaproject.eu\/wp-content\/uploads\/2020\/02\/IDEC-600-1-1024x306.jpg 1024w, https:\/\/dessaproject.eu\/wp-content\/uploads\/2020\/02\/IDEC-600-1-300x90.jpg 300w, https:\/\/dessaproject.eu\/wp-content\/uploads\/2020\/02\/IDEC-600-1-768x229.jpg 768w, https:\/\/dessaproject.eu\/wp-content\/uploads\/2020\/02\/IDEC-600-1-1536x459.jpg 1536w, https:\/\/dessaproject.eu\/wp-content\/uploads\/2020\/02\/IDEC-600-1-850x254.jpg 850w, https:\/\/dessaproject.eu\/wp-content\/uploads\/2020\/02\/IDEC-600-1.jpg 1951w\" sizes=\"(max-width: 346px) 100vw, 346px\" \/><\/figure>\n\n\n\n<h2>IDEC &#8211; Grecia<\/h2>\n\n\n\n<p>IDEC es una empresa de consultor\u00eda y formaci\u00f3n ubicada en Pireo, Grecia. Sus actividades consisten en la formaci\u00f3n, gesti\u00f3n de la consultor\u00eda, garant\u00eda de calidad, evaluaci\u00f3n y desarrollo de soluciones TIC para el sector p\u00fablico y privado. IDEC ha estado activo los \u00faltimos 20 a\u00f1os en el campo de los proyectos de la UE. <\/p>\n\n\n\n<p>Cuenta con una amplia experiencia en pol\u00edticas europeas sobre aprendizaje permanente y, en particular, EQF, ECVET, Europass, EQAVET, validaci\u00f3n de aprendizaje no formal e informal, aprendizaje basado en el trabajo y esquemas de aprendizaje, y en reformas nacionales de los sistemas de educaci\u00f3n y formaci\u00f3n.<\/p>\n\n\n\n<p>P\u00e1gina web: www.idec.gr<\/p>\n\n\n\n<div style=\"height:100px\" aria-hidden=\"true\" class=\"wp-block-spacer\"><\/div>\n\n\n\n<figure class=\"wp-block-image size-large is-resized\"><img loading=\"lazy\" src=\"http:\/\/dessaproject.eu\/wp-content\/uploads\/2020\/10\/logotipas-spalvotas-4-1024x352.jpg\" alt=\"\" class=\"wp-image-296\" width=\"400\" height=\"137\" srcset=\"https:\/\/dessaproject.eu\/wp-content\/uploads\/2020\/10\/logotipas-spalvotas-4-1024x352.jpg 1024w, https:\/\/dessaproject.eu\/wp-content\/uploads\/2020\/10\/logotipas-spalvotas-4-300x103.jpg 300w, https:\/\/dessaproject.eu\/wp-content\/uploads\/2020\/10\/logotipas-spalvotas-4-768x264.jpg 768w, https:\/\/dessaproject.eu\/wp-content\/uploads\/2020\/10\/logotipas-spalvotas-4-1536x528.jpg 1536w, https:\/\/dessaproject.eu\/wp-content\/uploads\/2020\/10\/logotipas-spalvotas-4-850x292.jpg 850w, https:\/\/dessaproject.eu\/wp-content\/uploads\/2020\/10\/logotipas-spalvotas-4.jpg 1734w\" sizes=\"(max-width: 400px) 100vw, 400px\" \/><\/figure>\n\n\n\n<h2>KSPMC &#8211; Lithania<\/h2>\n\n\n\n<p>El Centro de Formaci\u00f3n Profesional de Kaunas es una instituci\u00f3n p\u00fablica que cuenta con 1.700 estudiantes y 70 docentes. Su actividad principal es la formaci\u00f3n profesional primaria y continua, especialidades de la construcci\u00f3n, cuidado social, estudiantes con necesidades especiales, formaci\u00f3n de adultos. La organizaci\u00f3n tiene como objetivo convertirse en una instituci\u00f3n moderna, respondiendo a los desaf\u00edos de la globalizaci\u00f3n, la integraci\u00f3n europea y promoviendo el atractivo de la formaci\u00f3n profesional para todos los grupos destinatarios.<\/p>\n\n\n\n<p>Los\/as profesores\/as desarrollan sus propios metodos de calificaciones, creando nuevos planes de estudio y materiales de ense\u00f1anza. Pretenden aumentar el nivel educativo y profesional entre la sociedad y entre los j\u00f3venes y las posibilidades de las nuevas empresas, ofreciendo conocimientos y modelos a seguir. <\/p>\n\n\n\n<p>La instituci\u00f3n tiene una amplia experiencia trabajando con diferentes grupos objetivo para combatir el abandono escolar y el desempleo juvenil mediante el aumento de las habilidades emprendedoras de los y las j\u00f3venes y la formaci\u00f3n en la educaci\u00f3n de adultos.<\/p>\n\n\n\n<p> P\u00e1gina web:  <a rel=\"noreferrer noopener\" href=\"https:\/\/www.profcentras.lt\/\" target=\"_blank\">www.profcentras.lt<\/a> <\/p>\n\n\n\n<div style=\"height:100px\" aria-hidden=\"true\" class=\"wp-block-spacer\"><\/div>\n\n\n\n<figure class=\"wp-block-image size-large is-resized\"><img loading=\"lazy\" src=\"http:\/\/dessaproject.eu\/wp-content\/uploads\/2020\/02\/IekDelta-1.png\" alt=\"\" class=\"wp-image-153\" width=\"328\" height=\"218\" srcset=\"https:\/\/dessaproject.eu\/wp-content\/uploads\/2020\/02\/IekDelta-1.png 900w, https:\/\/dessaproject.eu\/wp-content\/uploads\/2020\/02\/IekDelta-1-300x200.png 300w, https:\/\/dessaproject.eu\/wp-content\/uploads\/2020\/02\/IekDelta-1-768x512.png 768w, https:\/\/dessaproject.eu\/wp-content\/uploads\/2020\/02\/IekDelta-1-850x567.png 850w\" sizes=\"(max-width: 328px) 100vw, 328px\" \/><\/figure>\n\n\n\n<h2>IIEK DELTA &#8211; Grecia<\/h2>\n\n\n\n<p>IEK DELTA se estableci\u00f3 en 1971 y pronto se convirti\u00f3 en el centro l\u00edder en Formaci\u00f3n Profesional en Grecia, certificado por el Ministerio de Educaci\u00f3n griego y la UE. Con 47 a\u00f1os de experiencia en la educaci\u00f3n privada, que ofrece programas de Formaci\u00f3n Profesional de nivel 5 (grado superior), su objetivo es garantizar la calidad de la educaci\u00f3n proporcionada y los altos niveles de integraci\u00f3n en el \u00e1mbito profesional y el empleo.<\/p>\n\n\n\n<p><br> IEK DELTA ha desarrollado un entorno de aprendizaje \u00fanico, con 53 especialidades divididas en 5 escuelas:<\/p>\n\n\n\n<p> \u2022 Escuela de Ingenier\u00eda y Tecnolog\u00eda de la Informaci\u00f3n.<br> \u2022 Escuela de Turismo y Artes Culinarias.<br> \u2022 Escuela de Belleza y Salud<br> \u2022 Escuela de Artes y Educaci\u00f3n<br> \u2022 Escuela de Negocios y Comunicaci\u00f3n<\/p>\n\n\n\n<p>  P\u00e1gina web:  <a rel=\"noreferrer noopener\" href=\"http:\/\/www.iekdelta.gr\/\" target=\"_blank\">www.iekdelta.gr<\/a> <\/p>\n","protected":false},"excerpt":{"rendered":"<p>Friesland College &#8211; Pa\u00edses Bajos Friesland College es una instituci\u00f3n educativa abierta que respeta todas las religiones y culturas existentes. Se involucra y escucha a sus estudiantes, es innovadora y su pasi\u00f3n es la ense\u00f1anza. El alumnado de Friesland College puede escoger de entre una gran variedad de cursos, oportunidades de trabajo, instalaciones y actividades&#8230;.<\/p>\n","protected":false},"author":1,"featured_media":0,"parent":0,"menu_order":0,"comment_status":"closed","ping_status":"closed","template":"","meta":[],"_links":{"self":[{"href":"https:\/\/dessaproject.eu\/es\/wp-json\/wp\/v2\/pages\/62"}],"collection":[{"href":"https:\/\/dessaproject.eu\/es\/wp-json\/wp\/v2\/pages"}],"about":[{"href":"https:\/\/dessaproject.eu\/es\/wp-json\/wp\/v2\/types\/page"}],"author":[{"embeddable":true,"href":"https:\/\/dessaproject.eu\/es\/wp-json\/wp\/v2\/users\/1"}],"replies":[{"embeddable":true,"href":"https:\/\/dessaproject.eu\/es\/wp-json\/wp\/v2\/comments?post=62"}],"version-history":[{"count":43,"href":"https:\/\/dessaproject.eu\/es\/wp-json\/wp\/v2\/pages\/62\/revisions"}],"predecessor-version":[{"id":404,"href":"https:\/\/dessaproject.eu\/es\/wp-json\/wp\/v2\/pages\/62\/revisions\/404"}],"wp:attachment":[{"href":"https:\/\/dessaproject.eu\/es\/wp-json\/wp\/v2\/media?parent=62"}],"curies":[{"name":"wp","href":"https:\/\/api.w.org\/{rel}","templated":true}]}}