{"id":49,"date":"2020-02-04T12:00:16","date_gmt":"2020-02-04T12:00:16","guid":{"rendered":"http:\/\/dessaproject.eu\/?page_id=49"},"modified":"2022-09-14T14:21:13","modified_gmt":"2022-09-14T14:21:13","slug":"results","status":"publish","type":"page","link":"https:\/\/dessaproject.eu\/es\/results\/","title":{"rendered":"Resultados"},"content":{"rendered":"\n<div style=\"height:32px\" aria-hidden=\"true\" class=\"wp-block-spacer\"><\/div>\n\n\n\n<p>Los tres Productos Intelectuales que se van a desarrollar son:<\/p>\n\n\n\n<div style=\"height:44px\" aria-hidden=\"true\" class=\"wp-block-spacer\"><\/div>\n\n\n\n<h2>IO1 Modelo de pr\u00e1cticas para el desarrollo de las competencias transversales.<\/h2>\n\n\n\n<p>Un esquema para la implementaci\u00f3n del aprendizaje orientado a la adquisici\u00f3n de habilidades y competencias transversales que se basa en la gamificaci\u00f3n y elementos naturales transmitidos mediante un mentor. El esquema de aprendizaje incluye fundamentos te\u00f3ricos y principios b\u00e1sicos para el dise\u00f1o, implementaci\u00f3n y evaluaci\u00f3n del programa de aprendizaje para el desarrollo de habilidades y competencias transversales.<\/p>\n\n\n\n<p><a href=\"http:\/\/dessaproject.eu\/wp-content\/uploads\/2022\/06\/IO1_Apprenticeships_Scheme_ES.pdf\" target=\"_blank\" rel=\"noreferrer noopener\"><strong>El Modelo de pr\u00e1cticas<\/strong> <strong>ser\u00e1 disponible pronto<\/strong><\/a><\/p>\n\n\n\n<div style=\"height:41px\" aria-hidden=\"true\" class=\"wp-block-spacer\"><\/div>\n\n\n\n<h3>Gu\u00eda para estudiantes en pr\u00e1cticas: \u00a1Una gu\u00eda para desarrollar tus competencias transversales durante tu formaci\u00f3n en la empresa!<\/h3>\n\n\n\n<p> En esta gu\u00eda de formaci\u00f3n, los y las estudiantes en pr\u00e1cticas podr\u00e1n encontrar diez ejemplos de actividades que les dar\u00e1n la oportunidad de desarrollar sus competencias transversales, adquirir experiencia en un entorno laboral real y, por \u00faltimo, crecer como profesionales.<\/p>\n\n\n\n<p>Estas actividades est\u00e1n especialmente dise\u00f1adas para ayudar a los y las estudiantes en pr\u00e1cticas a alcanzar sus metas y su desarrollo personal y profesional. Para ayudarlos en su proceso de aprendizaje y realizar las actividades de esta gu\u00eda, se les pide a los y las estudiantes que piensen en una persona con experiencia en su entorno laboral, que les guiar\u00e1 en este proceso de aprendizaje, lo que se conoce como \u201cNatural Mentoring\u201d.<\/p>\n\n\n\n<div class=\"wp-block-file\"><object class=\"wp-block-file__embed\" data=\"http:\/\/dessaproject.eu\/wp-content\/uploads\/2022\/06\/IO1_Trainees_Guide_ES.pdf\" type=\"application\/pdf\" style=\"width:100%;height:200px\" aria-label=\"Embed of Breve gu\u00eda de formaci\u00f3n.\"><\/object><a id=\"wp-block-file--media-e2c3c195-fb92-4499-a52d-a8102c4de67b\" href=\"http:\/\/dessaproject.eu\/wp-content\/uploads\/2022\/06\/IO1_Trainees_Guide_ES.pdf\">Breve gu\u00eda de formaci\u00f3n<\/a><a href=\"http:\/\/dessaproject.eu\/wp-content\/uploads\/2022\/06\/IO1_Trainees_Guide_ES.pdf\" class=\"wp-block-file__button\" download aria-describedby=\"wp-block-file--media-e2c3c195-fb92-4499-a52d-a8102c4de67b\">Descargar<\/a><\/div>\n\n\n\n<div style=\"height:100px\" aria-hidden=\"true\" class=\"wp-block-spacer\"><\/div>\n\n\n\n<h2>IO2 Guia para formadores\/as<\/h2>\n\n\n\n<p>Una gu\u00eda para formadores\/as tanto de empresa como de centros de FP, para ayudar en el dise\u00f1o, implementaci\u00f3n, gesti\u00f3n, evaluaci\u00f3n y validaci\u00f3n del modelo de pr\u00e1cticas.<\/p>\n\n\n\n<p>TheLos objetivos de la gu\u00eda para formadores\/as son:<\/p>\n\n\n\n<ul><li>Preparar y capacitar a formadores\/as de centros y empresas de FP para comprender la importancia de adquirir competenecias transversales durante el aprendizaje.<\/li><li>Desarrollar la capacidad de los\/as formadores\/as para transferir las competencias transversales a los y las estudiantes.<\/li><li>Presentar y promover el programa de aprendizaje.<\/li><li>Identificar y presentar ejemplos de \u00e9xito de aprendizaje derivadas de la fase de experimentaci\u00f3n en pa\u00edses socios.<\/li><li>Desarrollar una gu\u00eda para formadores\/as en centros y empresas de FP, que ofrezca un conjunto de instrucciones, sugerencias y ejemplos de \u00e9xito en los pa\u00edses socios para mejorar el programa de aprendizaje entre las nuevas empresas.<\/li><li>Mostrar la aplicaci\u00f3n del esquema de aprendizaje a cada sector y pa\u00eds.<\/li><\/ul>\n\n\n\n<div class=\"wp-block-file\"><object class=\"wp-block-file__embed\" data=\"http:\/\/dessaproject.eu\/wp-content\/uploads\/2022\/06\/IO2_Trainers_Guide_ES_compressed.pdf\" type=\"application\/pdf\" style=\"width:100%;height:200px\" aria-label=\"Embed of ESSA_Guia para personas formadoras_ES.\"><\/object><a id=\"wp-block-file--media-c2c57e83-4b01-4645-b79e-1b1e17936a7d\" href=\"http:\/\/dessaproject.eu\/wp-content\/uploads\/2022\/06\/IO2_Trainers_Guide_ES_compressed.pdf\">ESSA_Guia para personas formadoras_ES<\/a><a href=\"http:\/\/dessaproject.eu\/wp-content\/uploads\/2022\/06\/IO2_Trainers_Guide_ES_compressed.pdf\" class=\"wp-block-file__button\" download aria-describedby=\"wp-block-file--media-c2c57e83-4b01-4645-b79e-1b1e17936a7d\">Descargar<\/a><\/div>\n\n\n\n<div style=\"height:100px\" aria-hidden=\"true\" class=\"wp-block-spacer\"><\/div>\n\n\n\n<h2>IO3 Plataforma para la autoevaluaci\u00f3n en l\u00ednea de las competencias transversales.<\/h2>\n\n\n\n<p>La plataforma incluye herramientas de autoevaluaci\u00f3n para cada competencia transversal, de manera que el usuario sea capaz de evaluar su nivel en base a una serie de niveles predefinidos. La herramienta tambi\u00e9n contiene una <a href=\"http:\/\/dessaproject.eu\/wp-content\/uploads\/2022\/06\/IO3_Orientation_Guide_ES.pdf\" target=\"_blank\" rel=\"noreferrer noopener\">gu\u00eda orientativa <\/a>sobre c\u00f3mo mejorar las competencias transversales.<\/p>\n\n\n\n<p><a href=\"https:\/\/selfassessment.dessaproject.eu\/es\" target=\"_blank\" rel=\"noreferrer noopener\" aria-label=\" (opens in a new tab)\">www.selfassessment.dessaproject.eu<\/a><\/p>\n","protected":false},"excerpt":{"rendered":"<p>Los tres Productos Intelectuales que se van a desarrollar son: IO1 Modelo de pr\u00e1cticas para el desarrollo de las competencias transversales. Un esquema para la implementaci\u00f3n del aprendizaje orientado a la adquisici\u00f3n de habilidades y competencias transversales que se basa en la gamificaci\u00f3n y elementos naturales transmitidos mediante un mentor. El esquema de aprendizaje incluye&#8230;<\/p>\n","protected":false},"author":1,"featured_media":0,"parent":0,"menu_order":0,"comment_status":"closed","ping_status":"closed","template":"","meta":[],"_links":{"self":[{"href":"https:\/\/dessaproject.eu\/es\/wp-json\/wp\/v2\/pages\/49"}],"collection":[{"href":"https:\/\/dessaproject.eu\/es\/wp-json\/wp\/v2\/pages"}],"about":[{"href":"https:\/\/dessaproject.eu\/es\/wp-json\/wp\/v2\/types\/page"}],"author":[{"embeddable":true,"href":"https:\/\/dessaproject.eu\/es\/wp-json\/wp\/v2\/users\/1"}],"replies":[{"embeddable":true,"href":"https:\/\/dessaproject.eu\/es\/wp-json\/wp\/v2\/comments?post=49"}],"version-history":[{"count":84,"href":"https:\/\/dessaproject.eu\/es\/wp-json\/wp\/v2\/pages\/49\/revisions"}],"predecessor-version":[{"id":546,"href":"https:\/\/dessaproject.eu\/es\/wp-json\/wp\/v2\/pages\/49\/revisions\/546"}],"wp:attachment":[{"href":"https:\/\/dessaproject.eu\/es\/wp-json\/wp\/v2\/media?parent=49"}],"curies":[{"name":"wp","href":"https:\/\/api.w.org\/{rel}","templated":true}]}}