{"id":38,"date":"2020-02-04T11:54:28","date_gmt":"2020-02-04T11:54:28","guid":{"rendered":"http:\/\/dessaproject.eu\/?page_id=38"},"modified":"2020-06-16T10:32:08","modified_gmt":"2020-06-16T10:32:08","slug":"objectives","status":"publish","type":"page","link":"https:\/\/dessaproject.eu\/es\/objectives\/","title":{"rendered":"Objetivos"},"content":{"rendered":"\n<p>Los objetivos espec\u00edficos del proyecto son:<\/p>\n\n\n\n<p><br> -Organizar grupos focales para identificar y centrarse en las competencias transversales espec\u00edficas que aborden mejor las necesidades de las partes interesadas del proyecto.<\/p>\n\n\n\n<p><br>-Desarrollar un esquema con las mejores pr\u00e1cticas y metodolog\u00edas aplicadas para el desarrollo de las competencias transversales en la la Formaci\u00f3n Profesional de los pa\u00edses socios.<\/p>\n\n\n\n<p><br> -Desarrollar un esquema de aprendizaje para la adquisici\u00f3n de competencias transversales y habilidades por parte de los estudiantes de grado medio y grado superior.<\/p>\n\n\n\n<p><br> -Aplicar elementos de gamificaci\u00f3n en el esquema de aprendizaje.<\/p>\n\n\n\n<p><br> -Desarrollar una gu\u00eda para formadores\/as dirigida a profesores y profesoras en centros y empresas de FP de manera que puedan aplicar el esquema de aprendizaje y dise\u00f1ar, apoyar y evaluar el programa de aprendizaje.<\/p>\n\n\n\n<p><br> -Organizar seminarios para formadores\/as en escuelas de FP y empresas interesadas en aplicar el esquema de aprendizaje.<\/p>\n\n\n\n<p><br> -Crear una herramienta en l\u00ednea para la autoevaluaci\u00f3n de las competencias transversales para que los estudiantes establezcan su propio esquema de aprendizaje identificando sus fortalezas y \u00e1reas de mejora.<\/p>\n","protected":false},"excerpt":{"rendered":"<p>Los objetivos espec\u00edficos del proyecto son: -Organizar grupos focales para identificar y centrarse en las competencias transversales espec\u00edficas que aborden mejor las necesidades de las partes interesadas del proyecto. -Desarrollar un esquema con las mejores pr\u00e1cticas y metodolog\u00edas aplicadas para el desarrollo de las competencias transversales en la la Formaci\u00f3n Profesional de los pa\u00edses socios&#8230;.<\/p>\n","protected":false},"author":1,"featured_media":0,"parent":0,"menu_order":0,"comment_status":"closed","ping_status":"closed","template":"","meta":[],"_links":{"self":[{"href":"https:\/\/dessaproject.eu\/es\/wp-json\/wp\/v2\/pages\/38"}],"collection":[{"href":"https:\/\/dessaproject.eu\/es\/wp-json\/wp\/v2\/pages"}],"about":[{"href":"https:\/\/dessaproject.eu\/es\/wp-json\/wp\/v2\/types\/page"}],"author":[{"embeddable":true,"href":"https:\/\/dessaproject.eu\/es\/wp-json\/wp\/v2\/users\/1"}],"replies":[{"embeddable":true,"href":"https:\/\/dessaproject.eu\/es\/wp-json\/wp\/v2\/comments?post=38"}],"version-history":[{"count":7,"href":"https:\/\/dessaproject.eu\/es\/wp-json\/wp\/v2\/pages\/38\/revisions"}],"predecessor-version":[{"id":235,"href":"https:\/\/dessaproject.eu\/es\/wp-json\/wp\/v2\/pages\/38\/revisions\/235"}],"wp:attachment":[{"href":"https:\/\/dessaproject.eu\/es\/wp-json\/wp\/v2\/media?parent=38"}],"curies":[{"name":"wp","href":"https:\/\/api.w.org\/{rel}","templated":true}]}}